{"id":970,"date":"2025-02-13T13:49:15","date_gmt":"2025-02-13T12:49:15","guid":{"rendered":"http:\/\/wp1.iesagora.es:60010\/creagora\/?post_type=product&#038;p=970"},"modified":"2025-02-13T13:58:24","modified_gmt":"2025-02-13T12:58:24","slug":"camiseta-san-valentin-emma-calzada","status":"publish","type":"product","link":"http:\/\/wp1.iesagora.es:60010\/creagora\/producto\/camiseta-san-valentin-emma-calzada\/","title":{"rendered":"CAMISETA SAN VALENT\u00cdN EMMA CALZADA"},"content":{"rendered":"<p><img fetchpriority=\"high\" decoding=\"async\" class=\"alignnone size-medium wp-image-976\" src=\"http:\/\/wp1.iesagora.es:60010\/creagora\/wp-content\/uploads\/sites\/172\/2025\/02\/CAMISETA-300x300.jpg\" alt=\"\" width=\"300\" height=\"300\" srcset=\"http:\/\/wp1.iesagora.es:60010\/creagora\/wp-content\/uploads\/sites\/172\/2025\/02\/CAMISETA-300x300.jpg 300w, http:\/\/wp1.iesagora.es:60010\/creagora\/wp-content\/uploads\/sites\/172\/2025\/02\/CAMISETA-1024x1024.jpg 1024w, http:\/\/wp1.iesagora.es:60010\/creagora\/wp-content\/uploads\/sites\/172\/2025\/02\/CAMISETA-150x150.jpg 150w, http:\/\/wp1.iesagora.es:60010\/creagora\/wp-content\/uploads\/sites\/172\/2025\/02\/CAMISETA-768x768.jpg 768w, http:\/\/wp1.iesagora.es:60010\/creagora\/wp-content\/uploads\/sites\/172\/2025\/02\/CAMISETA-600x600.jpg 600w, http:\/\/wp1.iesagora.es:60010\/creagora\/wp-content\/uploads\/sites\/172\/2025\/02\/CAMISETA-100x100.jpg 100w, http:\/\/wp1.iesagora.es:60010\/creagora\/wp-content\/uploads\/sites\/172\/2025\/02\/CAMISETA.jpg 1080w\" sizes=\"(max-width: 300px) 100vw, 300px\" \/><img decoding=\"async\" class=\"alignnone size-medium wp-image-973\" src=\"http:\/\/wp1.iesagora.es:60010\/creagora\/wp-content\/uploads\/sites\/172\/2025\/02\/2-300x300.jpg\" alt=\"\" width=\"300\" height=\"300\" srcset=\"http:\/\/wp1.iesagora.es:60010\/creagora\/wp-content\/uploads\/sites\/172\/2025\/02\/2-300x300.jpg 300w, http:\/\/wp1.iesagora.es:60010\/creagora\/wp-content\/uploads\/sites\/172\/2025\/02\/2-1024x1024.jpg 1024w, http:\/\/wp1.iesagora.es:60010\/creagora\/wp-content\/uploads\/sites\/172\/2025\/02\/2-150x150.jpg 150w, http:\/\/wp1.iesagora.es:60010\/creagora\/wp-content\/uploads\/sites\/172\/2025\/02\/2-768x768.jpg 768w, http:\/\/wp1.iesagora.es:60010\/creagora\/wp-content\/uploads\/sites\/172\/2025\/02\/2-600x600.jpg 600w, http:\/\/wp1.iesagora.es:60010\/creagora\/wp-content\/uploads\/sites\/172\/2025\/02\/2-100x100.jpg 100w, http:\/\/wp1.iesagora.es:60010\/creagora\/wp-content\/uploads\/sites\/172\/2025\/02\/2.jpg 1080w\" sizes=\"(max-width: 300px) 100vw, 300px\" \/><img decoding=\"async\" class=\"alignnone size-medium wp-image-974\" src=\"http:\/\/wp1.iesagora.es:60010\/creagora\/wp-content\/uploads\/sites\/172\/2025\/02\/3-300x300.jpg\" alt=\"\" width=\"300\" height=\"300\" srcset=\"http:\/\/wp1.iesagora.es:60010\/creagora\/wp-content\/uploads\/sites\/172\/2025\/02\/3-300x300.jpg 300w, http:\/\/wp1.iesagora.es:60010\/creagora\/wp-content\/uploads\/sites\/172\/2025\/02\/3-1024x1024.jpg 1024w, http:\/\/wp1.iesagora.es:60010\/creagora\/wp-content\/uploads\/sites\/172\/2025\/02\/3-150x150.jpg 150w, http:\/\/wp1.iesagora.es:60010\/creagora\/wp-content\/uploads\/sites\/172\/2025\/02\/3-768x768.jpg 768w, http:\/\/wp1.iesagora.es:60010\/creagora\/wp-content\/uploads\/sites\/172\/2025\/02\/3-600x600.jpg 600w, http:\/\/wp1.iesagora.es:60010\/creagora\/wp-content\/uploads\/sites\/172\/2025\/02\/3-100x100.jpg 100w, http:\/\/wp1.iesagora.es:60010\/creagora\/wp-content\/uploads\/sites\/172\/2025\/02\/3.jpg 1080w\" sizes=\"(max-width: 300px) 100vw, 300px\" \/><img loading=\"lazy\" decoding=\"async\" class=\"alignnone size-medium wp-image-975\" src=\"http:\/\/wp1.iesagora.es:60010\/creagora\/wp-content\/uploads\/sites\/172\/2025\/02\/4-300x300.jpg\" alt=\"\" width=\"300\" height=\"300\" srcset=\"http:\/\/wp1.iesagora.es:60010\/creagora\/wp-content\/uploads\/sites\/172\/2025\/02\/4-300x300.jpg 300w, http:\/\/wp1.iesagora.es:60010\/creagora\/wp-content\/uploads\/sites\/172\/2025\/02\/4-1024x1024.jpg 1024w, http:\/\/wp1.iesagora.es:60010\/creagora\/wp-content\/uploads\/sites\/172\/2025\/02\/4-150x150.jpg 150w, http:\/\/wp1.iesagora.es:60010\/creagora\/wp-content\/uploads\/sites\/172\/2025\/02\/4-768x768.jpg 768w, http:\/\/wp1.iesagora.es:60010\/creagora\/wp-content\/uploads\/sites\/172\/2025\/02\/4-600x600.jpg 600w, http:\/\/wp1.iesagora.es:60010\/creagora\/wp-content\/uploads\/sites\/172\/2025\/02\/4-100x100.jpg 100w, http:\/\/wp1.iesagora.es:60010\/creagora\/wp-content\/uploads\/sites\/172\/2025\/02\/4.jpg 1080w\" sizes=\"(max-width: 300px) 100vw, 300px\" \/><\/p>\n","protected":false},"excerpt":{"rendered":"<p data-start=\"154\" data-end=\"644\">Celebra el amor y la paciencia con esta camiseta \u00fanica, dise\u00f1ada especialmente para San Valent\u00edn. Confeccionada en algod\u00f3n de alta calidad, su color blanco y suave textura te brindan una comodidad inigualable durante todo el d\u00eda. El estampado en color rojo, que dice <strong data-start=\"421\" data-end=\"492\">\u00abLas cosas buenas tardan en llegar, por eso yo siempre llego tarde\u00bb<\/strong>, es el toque perfecto para transmitir un mensaje lleno de humor y encanto, ideal para aquellos que saben que lo bueno siempre llega a su debido tiempo.<\/p>\n<p data-start=\"646\" data-end=\"999\">Adem\u00e1s, la camiseta cuenta con un adorable <strong data-start=\"689\" data-end=\"706\">angelito rojo<\/strong> que acompa\u00f1a la frase, d\u00e1ndole un toque a\u00fan m\u00e1s especial a este dise\u00f1o. Ya sea para regalar a esa persona especial o para lucirla en una cita o reuni\u00f3n, esta prenda ser\u00e1 el centro de atenci\u00f3n. Perfecta para quienes buscan un estilo divertido, desenfadado y con un toque de romance en el aire.<\/p>\n<p data-start=\"1001\" data-end=\"1021\">\n","protected":false},"featured_media":971,"comment_status":"open","ping_status":"closed","template":"","meta":{"site-sidebar-layout":"default","site-content-layout":"","ast-site-content-layout":"","site-content-style":"default","site-sidebar-style":"default","ast-global-header-display":"","ast-banner-title-visibility":"","ast-main-header-display":"","ast-hfb-above-header-display":"","ast-hfb-below-header-display":"","ast-hfb-mobile-header-display":"","site-post-title":"","ast-breadcrumbs-content":"","ast-featured-img":"","footer-sml-layout":"","theme-transparent-header-meta":"","adv-header-id-meta":"","stick-header-meta":"","header-above-stick-meta":"","header-main-stick-meta":"","header-below-stick-meta":"","astra-migrate-meta-layouts":"default","ast-page-background-enabled":"default","ast-page-background-meta":{"desktop":{"background-color":"var(--ast-global-color-5)","background-image":"","background-repeat":"repeat","background-position":"center center","background-size":"auto","background-attachment":"scroll","background-type":"","background-media":"","overlay-type":"","overlay-color":"","overlay-opacity":"","overlay-gradient":""},"tablet":{"background-color":"","background-image":"","background-repeat":"repeat","background-position":"center center","background-size":"auto","background-attachment":"scroll","background-type":"","background-media":"","overlay-type":"","overlay-color":"","overlay-opacity":"","overlay-gradient":""},"mobile":{"background-color":"","background-image":"","background-repeat":"repeat","background-position":"center center","background-size":"auto","background-attachment":"scroll","background-type":"","background-media":"","overlay-type":"","overlay-color":"","overlay-opacity":"","overlay-gradient":""}},"ast-content-background-meta":{"desktop":{"background-color":"var(--ast-global-color-4)","background-image":"","background-repeat":"repeat","background-position":"center center","background-size":"auto","background-attachment":"scroll","background-type":"","background-media":"","overlay-type":"","overlay-color":"","overlay-opacity":"","overlay-gradient":""},"tablet":{"background-color":"var(--ast-global-color-4)","background-image":"","background-repeat":"repeat","background-position":"center center","background-size":"auto","background-attachment":"scroll","background-type":"","background-media":"","overlay-type":"","overlay-color":"","overlay-opacity":"","overlay-gradient":""},"mobile":{"background-color":"var(--ast-global-color-4)","background-image":"","background-repeat":"repeat","background-position":"center center","background-size":"auto","background-attachment":"scroll","background-type":"","background-media":"","overlay-type":"","overlay-color":"","overlay-opacity":"","overlay-gradient":""}}},"product_brand":[],"product_cat":[26],"product_tag":[40,37],"class_list":{"0":"post-970","1":"product","2":"type-product","3":"status-publish","4":"has-post-thumbnail","6":"product_cat-san-valentin","7":"product_tag-http-wp1-iesagora-es60010-creagora-wp-admin-post-new-phppost_typeproduct","8":"product_tag-marcas-agora","9":"desktop-align-left","10":"tablet-align-left","11":"mobile-align-left","13":"first","14":"onbackorder","15":"shipping-taxable","16":"purchasable","17":"product-type-simple"},"_links":{"self":[{"href":"http:\/\/wp1.iesagora.es:60010\/creagora\/wp-json\/wp\/v2\/product\/970","targetHints":{"allow":["GET"]}}],"collection":[{"href":"http:\/\/wp1.iesagora.es:60010\/creagora\/wp-json\/wp\/v2\/product"}],"about":[{"href":"http:\/\/wp1.iesagora.es:60010\/creagora\/wp-json\/wp\/v2\/types\/product"}],"replies":[{"embeddable":true,"href":"http:\/\/wp1.iesagora.es:60010\/creagora\/wp-json\/wp\/v2\/comments?post=970"}],"wp:featuredmedia":[{"embeddable":true,"href":"http:\/\/wp1.iesagora.es:60010\/creagora\/wp-json\/wp\/v2\/media\/971"}],"wp:attachment":[{"href":"http:\/\/wp1.iesagora.es:60010\/creagora\/wp-json\/wp\/v2\/media?parent=970"}],"wp:term":[{"taxonomy":"product_brand","embeddable":true,"href":"http:\/\/wp1.iesagora.es:60010\/creagora\/wp-json\/wp\/v2\/product_brand?post=970"},{"taxonomy":"product_cat","embeddable":true,"href":"http:\/\/wp1.iesagora.es:60010\/creagora\/wp-json\/wp\/v2\/product_cat?post=970"},{"taxonomy":"product_tag","embeddable":true,"href":"http:\/\/wp1.iesagora.es:60010\/creagora\/wp-json\/wp\/v2\/product_tag?post=970"}],"curies":[{"name":"wp","href":"https:\/\/api.w.org\/{rel}","templated":true}]}}