{"id":956,"date":"2025-02-13T14:07:42","date_gmt":"2025-02-13T13:07:42","guid":{"rendered":"http:\/\/wp1.iesagora.es:60010\/creagora\/?post_type=product&#038;p=956"},"modified":"2025-02-13T14:11:49","modified_gmt":"2025-02-13T13:11:49","slug":"camiseta-san-valentin-mars-essentials-david-fco-duran-piris","status":"publish","type":"product","link":"http:\/\/wp1.iesagora.es:60010\/creagora\/producto\/camiseta-san-valentin-mars-essentials-david-fco-duran-piris\/","title":{"rendered":"Camiseta San Valent\u00edn- \u00abMars Essentials\u00bb &#8211; David Fco Dur\u00e1n Piris"},"content":{"rendered":"<p>Camiseta exclusiva de Mars Essentials para San Valent\u00edn, realizada por David Francisco Dur\u00e1n Piris . Un dise\u00f1o rom\u00e1ntico y moderno que combina colores vibrantes con un estampado simb\u00f3lico del amor. Confeccionada en algod\u00f3n premium para m\u00e1xima comodidad, esta prenda captura la esencia del d\u00eda con detalles elegantes como corazones minimalistas y un mensaje inspirador. Ideal para expresar amor con estilo.<\/p>\n","protected":false},"excerpt":{"rendered":"<p>Camiseta exclusiva de Mars Essentials para San Valent\u00edn, realizada por David Francisco Dur\u00e1n Piris . Un dise\u00f1o rom\u00e1ntico y moderno [&hellip;]<\/p>\n","protected":false},"featured_media":980,"comment_status":"open","ping_status":"closed","template":"","meta":{"site-sidebar-layout":"default","site-content-layout":"","ast-site-content-layout":"","site-content-style":"default","site-sidebar-style":"default","ast-global-header-display":"","ast-banner-title-visibility":"","ast-main-header-display":"","ast-hfb-above-header-display":"","ast-hfb-below-header-display":"","ast-hfb-mobile-header-display":"","site-post-title":"","ast-breadcrumbs-content":"","ast-featured-img":"","footer-sml-layout":"","theme-transparent-header-meta":"","adv-header-id-meta":"","stick-header-meta":"","header-above-stick-meta":"","header-main-stick-meta":"","header-below-stick-meta":"","astra-migrate-meta-layouts":"default","ast-page-background-enabled":"default","ast-page-background-meta":{"desktop":{"background-color":"var(--ast-global-color-5)","background-image":"","background-repeat":"repeat","background-position":"center center","background-size":"auto","background-attachment":"scroll","background-type":"","background-media":"","overlay-type":"","overlay-color":"","overlay-opacity":"","overlay-gradient":""},"tablet":{"background-color":"","background-image":"","background-repeat":"repeat","background-position":"center center","background-size":"auto","background-attachment":"scroll","background-type":"","background-media":"","overlay-type":"","overlay-color":"","overlay-opacity":"","overlay-gradient":""},"mobile":{"background-color":"","background-image":"","background-repeat":"repeat","background-position":"center center","background-size":"auto","background-attachment":"scroll","background-type":"","background-media":"","overlay-type":"","overlay-color":"","overlay-opacity":"","overlay-gradient":""}},"ast-content-background-meta":{"desktop":{"background-color":"var(--ast-global-color-4)","background-image":"","background-repeat":"repeat","background-position":"center center","background-size":"auto","background-attachment":"scroll","background-type":"","background-media":"","overlay-type":"","overlay-color":"","overlay-opacity":"","overlay-gradient":""},"tablet":{"background-color":"var(--ast-global-color-4)","background-image":"","background-repeat":"repeat","background-position":"center center","background-size":"auto","background-attachment":"scroll","background-type":"","background-media":"","overlay-type":"","overlay-color":"","overlay-opacity":"","overlay-gradient":""},"mobile":{"background-color":"var(--ast-global-color-4)","background-image":"","background-repeat":"repeat","background-position":"center center","background-size":"auto","background-attachment":"scroll","background-type":"","background-media":"","overlay-type":"","overlay-color":"","overlay-opacity":"","overlay-gradient":""}}},"product_brand":[25],"product_cat":[26],"product_tag":[],"class_list":{"0":"post-956","1":"product","2":"type-product","3":"status-publish","4":"has-post-thumbnail","6":"product_brand-agora","7":"product_cat-san-valentin","8":"desktop-align-left","9":"tablet-align-left","10":"mobile-align-left","12":"first","13":"onbackorder","14":"sale","15":"shipping-taxable","16":"purchasable","17":"product-type-simple"},"_links":{"self":[{"href":"http:\/\/wp1.iesagora.es:60010\/creagora\/wp-json\/wp\/v2\/product\/956","targetHints":{"allow":["GET"]}}],"collection":[{"href":"http:\/\/wp1.iesagora.es:60010\/creagora\/wp-json\/wp\/v2\/product"}],"about":[{"href":"http:\/\/wp1.iesagora.es:60010\/creagora\/wp-json\/wp\/v2\/types\/product"}],"replies":[{"embeddable":true,"href":"http:\/\/wp1.iesagora.es:60010\/creagora\/wp-json\/wp\/v2\/comments?post=956"}],"wp:featuredmedia":[{"embeddable":true,"href":"http:\/\/wp1.iesagora.es:60010\/creagora\/wp-json\/wp\/v2\/media\/980"}],"wp:attachment":[{"href":"http:\/\/wp1.iesagora.es:60010\/creagora\/wp-json\/wp\/v2\/media?parent=956"}],"wp:term":[{"taxonomy":"product_brand","embeddable":true,"href":"http:\/\/wp1.iesagora.es:60010\/creagora\/wp-json\/wp\/v2\/product_brand?post=956"},{"taxonomy":"product_cat","embeddable":true,"href":"http:\/\/wp1.iesagora.es:60010\/creagora\/wp-json\/wp\/v2\/product_cat?post=956"},{"taxonomy":"product_tag","embeddable":true,"href":"http:\/\/wp1.iesagora.es:60010\/creagora\/wp-json\/wp\/v2\/product_tag?post=956"}],"curies":[{"name":"wp","href":"https:\/\/api.w.org\/{rel}","templated":true}]}}