{"id":915,"date":"2025-02-13T13:44:31","date_gmt":"2025-02-13T12:44:31","guid":{"rendered":"http:\/\/wp1.iesagora.es:60010\/creagora\/?post_type=product&#038;p=915"},"modified":"2025-02-13T14:08:43","modified_gmt":"2025-02-13T13:08:43","slug":"camiseta-diego-javier-gomez-dj-disenos","status":"publish","type":"product","link":"http:\/\/wp1.iesagora.es:60010\/creagora\/producto\/camiseta-diego-javier-gomez-dj-disenos\/","title":{"rendered":"Camiseta Diego Javier G\u00f3mez . DJ dise\u00f1os"},"content":{"rendered":"<p data-start=\"0\" data-end=\"63\"><strong data-start=\"0\" data-end=\"61\">Camiseta de San Valent\u00edn &#8211; Dise\u00f1o Rom\u00e1ntico y Original \u2764\ufe0f<\/strong><\/p>\n<p data-start=\"65\" data-end=\"219\">Celebra el amor con esta hermosa camiseta blanca de San Valent\u00edn, perfecta para sorprender a tu persona especial o lucir un look rom\u00e1ntico y con estilo.<\/p>\n<p data-start=\"221\" data-end=\"237\">\ud83d\udd39 <strong data-start=\"224\" data-end=\"235\">Dise\u00f1o:<\/strong><\/p>\n<ul data-start=\"238\" data-end=\"504\">\n<li data-start=\"238\" data-end=\"366\"><strong data-start=\"240\" data-end=\"252\">Frontal:<\/strong> Un tierno coraz\u00f3n delineado con un trazo discontinuo, simulando el vuelo de un hilo o un trazo dibujado a mano.<\/li>\n<li data-start=\"367\" data-end=\"504\"><strong data-start=\"369\" data-end=\"381\">Espalda:<\/strong> Un gran coraz\u00f3n formado por peque\u00f1os corazones rojos, con la palabra <em data-start=\"451\" data-end=\"457\">XOXO<\/em> en el centro, que simboliza besos y abrazos.<\/li>\n<\/ul>\n<p data-start=\"506\" data-end=\"756\">\ud83d\udd39 <strong data-start=\"509\" data-end=\"522\">Material:<\/strong> Algod\u00f3n suave y transpirable para m\u00e1xima comodidad.<br data-start=\"574\" data-end=\"577\" \/>\ud83d\udd39 <strong data-start=\"580\" data-end=\"592\">Colores:<\/strong> Blanco con detalles en rojo vibrante.<br data-start=\"630\" data-end=\"633\" \/>\ud83d\udd39 <strong data-start=\"636\" data-end=\"651\">Ideal para:<\/strong> Parejas, regalos de San Valent\u00edn, aniversarios o simplemente para demostrar amor en cualquier ocasi\u00f3n.<\/p>\n<p data-start=\"758\" data-end=\"789\">\u2728 \u00a1Luce tu amor con estilo! \u2728<\/p>\n<p data-start=\"791\" data-end=\"902\" data-is-last-node=\"\">\ud83d\udd3b <strong data-start=\"794\" data-end=\"813\">Disponibilidad:<\/strong> Por encargo.<br data-start=\"840\" data-end=\"843\" \/>\ud83d\uded2 <strong data-start=\"846\" data-end=\"902\" data-is-last-node=\"\">Compra ahora y celebra el amor con un look especial!<\/strong><\/p>\n","protected":false},"excerpt":{"rendered":"<p>Camiseta de San Valent\u00edn &#8211; Dise\u00f1o Rom\u00e1ntico y Original \u2764\ufe0f Celebra el amor con esta hermosa camiseta blanca de San [&hellip;]<\/p>\n","protected":false},"featured_media":926,"comment_status":"open","ping_status":"closed","template":"","meta":{"site-sidebar-layout":"default","site-content-layout":"","ast-site-content-layout":"","site-content-style":"default","site-sidebar-style":"default","ast-global-header-display":"","ast-banner-title-visibility":"","ast-main-header-display":"","ast-hfb-above-header-display":"","ast-hfb-below-header-display":"","ast-hfb-mobile-header-display":"","site-post-title":"","ast-breadcrumbs-content":"","ast-featured-img":"","footer-sml-layout":"","theme-transparent-header-meta":"","adv-header-id-meta":"","stick-header-meta":"","header-above-stick-meta":"","header-main-stick-meta":"","header-below-stick-meta":"","astra-migrate-meta-layouts":"default","ast-page-background-enabled":"default","ast-page-background-meta":{"desktop":{"background-color":"var(--ast-global-color-5)","background-image":"","background-repeat":"repeat","background-position":"center center","background-size":"auto","background-attachment":"scroll","background-type":"","background-media":"","overlay-type":"","overlay-color":"","overlay-opacity":"","overlay-gradient":""},"tablet":{"background-color":"","background-image":"","background-repeat":"repeat","background-position":"center center","background-size":"auto","background-attachment":"scroll","background-type":"","background-media":"","overlay-type":"","overlay-color":"","overlay-opacity":"","overlay-gradient":""},"mobile":{"background-color":"","background-image":"","background-repeat":"repeat","background-position":"center center","background-size":"auto","background-attachment":"scroll","background-type":"","background-media":"","overlay-type":"","overlay-color":"","overlay-opacity":"","overlay-gradient":""}},"ast-content-background-meta":{"desktop":{"background-color":"var(--ast-global-color-4)","background-image":"","background-repeat":"repeat","background-position":"center center","background-size":"auto","background-attachment":"scroll","background-type":"","background-media":"","overlay-type":"","overlay-color":"","overlay-opacity":"","overlay-gradient":""},"tablet":{"background-color":"var(--ast-global-color-4)","background-image":"","background-repeat":"repeat","background-position":"center center","background-size":"auto","background-attachment":"scroll","background-type":"","background-media":"","overlay-type":"","overlay-color":"","overlay-opacity":"","overlay-gradient":""},"mobile":{"background-color":"var(--ast-global-color-4)","background-image":"","background-repeat":"repeat","background-position":"center center","background-size":"auto","background-attachment":"scroll","background-type":"","background-media":"","overlay-type":"","overlay-color":"","overlay-opacity":"","overlay-gradient":""}}},"product_brand":[25,39],"product_cat":[26],"product_tag":[],"class_list":{"0":"post-915","1":"product","2":"type-product","3":"status-publish","4":"has-post-thumbnail","6":"product_brand-agora","7":"product_brand-dj","8":"product_cat-san-valentin","9":"desktop-align-left","10":"tablet-align-left","11":"mobile-align-left","13":"first","14":"instock","15":"sale","16":"shipping-taxable","17":"purchasable","18":"product-type-simple"},"_links":{"self":[{"href":"http:\/\/wp1.iesagora.es:60010\/creagora\/wp-json\/wp\/v2\/product\/915","targetHints":{"allow":["GET"]}}],"collection":[{"href":"http:\/\/wp1.iesagora.es:60010\/creagora\/wp-json\/wp\/v2\/product"}],"about":[{"href":"http:\/\/wp1.iesagora.es:60010\/creagora\/wp-json\/wp\/v2\/types\/product"}],"replies":[{"embeddable":true,"href":"http:\/\/wp1.iesagora.es:60010\/creagora\/wp-json\/wp\/v2\/comments?post=915"}],"wp:featuredmedia":[{"embeddable":true,"href":"http:\/\/wp1.iesagora.es:60010\/creagora\/wp-json\/wp\/v2\/media\/926"}],"wp:attachment":[{"href":"http:\/\/wp1.iesagora.es:60010\/creagora\/wp-json\/wp\/v2\/media?parent=915"}],"wp:term":[{"taxonomy":"product_brand","embeddable":true,"href":"http:\/\/wp1.iesagora.es:60010\/creagora\/wp-json\/wp\/v2\/product_brand?post=915"},{"taxonomy":"product_cat","embeddable":true,"href":"http:\/\/wp1.iesagora.es:60010\/creagora\/wp-json\/wp\/v2\/product_cat?post=915"},{"taxonomy":"product_tag","embeddable":true,"href":"http:\/\/wp1.iesagora.es:60010\/creagora\/wp-json\/wp\/v2\/product_tag?post=915"}],"curies":[{"name":"wp","href":"https:\/\/api.w.org\/{rel}","templated":true}]}}