{"id":2825,"date":"2026-03-05T13:22:38","date_gmt":"2026-03-05T12:22:38","guid":{"rendered":"http:\/\/wp1.iesagora.es:60010\/creagora\/?post_type=product&#038;p=2825"},"modified":"2026-03-05T14:05:00","modified_gmt":"2026-03-05T13:05:00","slug":"tarjetero-azul-prisma-atelier","status":"publish","type":"product","link":"http:\/\/wp1.iesagora.es:60010\/creagora\/producto\/tarjetero-azul-prisma-atelier\/","title":{"rendered":"Tarjetero Azul Prisma Atelier"},"content":{"rendered":"<h5>Tarjetero negro elegante y compacto, un acabado texturizado que destaca por su patr\u00f3n geom\u00e9trico repetitivo. Su dise\u00f1o atemporal combina estilo y funcionalidad, ofreciendo varios compartimentos para organizar tarjetas de forma segura y accesible.<\/h5>\n<p><img decoding=\"async\" class=\"size-full wp-image-2827 alignright\" src=\"http:\/\/wp1.iesagora.es:60010\/creagora\/wp-content\/uploads\/sites\/172\/2026\/03\/Captura-de-pantalla-2026-03-05-132045.png\" alt=\"\" width=\"168\" height=\"147\" \/> <img decoding=\"async\" class=\"size-medium wp-image-2828 alignright\" src=\"http:\/\/wp1.iesagora.es:60010\/creagora\/wp-content\/uploads\/sites\/172\/2026\/03\/Captura-de-pantalla-2026-03-05-132105.png\" alt=\"\" width=\"175\" height=\"142\" \/><\/p>\n<p>&nbsp;<\/p>\n","protected":false},"excerpt":{"rendered":"<p>Tarjetero negro elegante y compacto, un acabado texturizado que destaca por su patr\u00f3n geom\u00e9trico repetitivo. Su dise\u00f1o atemporal combina estilo [&hellip;]<\/p>\n","protected":false},"featured_media":2871,"comment_status":"open","ping_status":"closed","template":"","meta":{"site-sidebar-layout":"default","site-content-layout":"","ast-site-content-layout":"default","site-content-style":"default","site-sidebar-style":"default","ast-global-header-display":"","ast-banner-title-visibility":"","ast-main-header-display":"","ast-hfb-above-header-display":"","ast-hfb-below-header-display":"","ast-hfb-mobile-header-display":"","site-post-title":"","ast-breadcrumbs-content":"","ast-featured-img":"","footer-sml-layout":"","theme-transparent-header-meta":"default","adv-header-id-meta":"","stick-header-meta":"","header-above-stick-meta":"","header-main-stick-meta":"","header-below-stick-meta":"","astra-migrate-meta-layouts":"set","ast-page-background-enabled":"default","ast-page-background-meta":{"desktop":{"background-color":"var(--ast-global-color-5)","background-image":"","background-repeat":"repeat","background-position":"center center","background-size":"auto","background-attachment":"scroll","background-type":"","background-media":"","overlay-type":"","overlay-color":"","overlay-opacity":"","overlay-gradient":""},"tablet":{"background-color":"","background-image":"","background-repeat":"repeat","background-position":"center center","background-size":"auto","background-attachment":"scroll","background-type":"","background-media":"","overlay-type":"","overlay-color":"","overlay-opacity":"","overlay-gradient":""},"mobile":{"background-color":"","background-image":"","background-repeat":"repeat","background-position":"center center","background-size":"auto","background-attachment":"scroll","background-type":"","background-media":"","overlay-type":"","overlay-color":"","overlay-opacity":"","overlay-gradient":""}},"ast-content-background-meta":{"desktop":{"background-color":"var(--ast-global-color-4)","background-image":"","background-repeat":"repeat","background-position":"center center","background-size":"auto","background-attachment":"scroll","background-type":"","background-media":"","overlay-type":"","overlay-color":"","overlay-opacity":"","overlay-gradient":""},"tablet":{"background-color":"var(--ast-global-color-4)","background-image":"","background-repeat":"repeat","background-position":"center center","background-size":"auto","background-attachment":"scroll","background-type":"","background-media":"","overlay-type":"","overlay-color":"","overlay-opacity":"","overlay-gradient":""},"mobile":{"background-color":"var(--ast-global-color-4)","background-image":"","background-repeat":"repeat","background-position":"center center","background-size":"auto","background-attachment":"scroll","background-type":"","background-media":"","overlay-type":"","overlay-color":"","overlay-opacity":"","overlay-gradient":""}}},"product_brand":[],"product_cat":[24],"product_tag":[],"class_list":{"0":"post-2825","1":"product","2":"type-product","3":"status-publish","4":"has-post-thumbnail","6":"product_cat-navidad","7":"desktop-align-left","8":"tablet-align-left","9":"mobile-align-left","11":"first","12":"outofstock","13":"shipping-taxable","14":"product-type-grouped"},"_links":{"self":[{"href":"http:\/\/wp1.iesagora.es:60010\/creagora\/wp-json\/wp\/v2\/product\/2825","targetHints":{"allow":["GET"]}}],"collection":[{"href":"http:\/\/wp1.iesagora.es:60010\/creagora\/wp-json\/wp\/v2\/product"}],"about":[{"href":"http:\/\/wp1.iesagora.es:60010\/creagora\/wp-json\/wp\/v2\/types\/product"}],"replies":[{"embeddable":true,"href":"http:\/\/wp1.iesagora.es:60010\/creagora\/wp-json\/wp\/v2\/comments?post=2825"}],"wp:featuredmedia":[{"embeddable":true,"href":"http:\/\/wp1.iesagora.es:60010\/creagora\/wp-json\/wp\/v2\/media\/2871"}],"wp:attachment":[{"href":"http:\/\/wp1.iesagora.es:60010\/creagora\/wp-json\/wp\/v2\/media?parent=2825"}],"wp:term":[{"taxonomy":"product_brand","embeddable":true,"href":"http:\/\/wp1.iesagora.es:60010\/creagora\/wp-json\/wp\/v2\/product_brand?post=2825"},{"taxonomy":"product_cat","embeddable":true,"href":"http:\/\/wp1.iesagora.es:60010\/creagora\/wp-json\/wp\/v2\/product_cat?post=2825"},{"taxonomy":"product_tag","embeddable":true,"href":"http:\/\/wp1.iesagora.es:60010\/creagora\/wp-json\/wp\/v2\/product_tag?post=2825"}],"curies":[{"name":"wp","href":"https:\/\/api.w.org\/{rel}","templated":true}]}}