{"id":1242,"date":"2025-03-11T13:33:25","date_gmt":"2025-03-11T12:33:25","guid":{"rendered":"http:\/\/wp1.iesagora.es:60010\/creagora\/?post_type=product&#038;p=1242"},"modified":"2025-11-24T12:19:57","modified_gmt":"2025-11-24T11:19:57","slug":"blue-line-mujer","status":"publish","type":"product","link":"http:\/\/wp1.iesagora.es:60010\/creagora\/producto\/blue-line-mujer\/","title":{"rendered":"Blue Line mujer"},"content":{"rendered":"<p>Un perfume femenino que combina elegancia y sostenibilidad, con un envase reutilizable de pl\u00e1stico reciclable. Su dise\u00f1o compacto es perfecto para llevar en el bolso, mientras que las c\u00e1psulas intercambiables ofrecen una experiencia responsable. Inspirado en la delicadeza y el impacto de la elegancia moderna, con un embalaje ecol\u00f3gico mediante bolsas de tela.<\/p>\n","protected":false},"excerpt":{"rendered":"<p>Un perfume femenino que combina elegancia y sostenibilidad, con un envase reutilizable de pl\u00e1stico reciclable. Su dise\u00f1o compacto es perfecto [&hellip;]<\/p>\n","protected":false},"featured_media":1225,"comment_status":"open","ping_status":"closed","template":"","meta":{"site-sidebar-layout":"default","site-content-layout":"","ast-site-content-layout":"","site-content-style":"default","site-sidebar-style":"default","ast-global-header-display":"","ast-banner-title-visibility":"","ast-main-header-display":"","ast-hfb-above-header-display":"","ast-hfb-below-header-display":"","ast-hfb-mobile-header-display":"","site-post-title":"","ast-breadcrumbs-content":"","ast-featured-img":"","footer-sml-layout":"","theme-transparent-header-meta":"","adv-header-id-meta":"","stick-header-meta":"","header-above-stick-meta":"","header-main-stick-meta":"","header-below-stick-meta":"","astra-migrate-meta-layouts":"default","ast-page-background-enabled":"default","ast-page-background-meta":{"desktop":{"background-color":"var(--ast-global-color-5)","background-image":"","background-repeat":"repeat","background-position":"center center","background-size":"auto","background-attachment":"scroll","background-type":"","background-media":"","overlay-type":"","overlay-color":"","overlay-opacity":"","overlay-gradient":""},"tablet":{"background-color":"","background-image":"","background-repeat":"repeat","background-position":"center center","background-size":"auto","background-attachment":"scroll","background-type":"","background-media":"","overlay-type":"","overlay-color":"","overlay-opacity":"","overlay-gradient":""},"mobile":{"background-color":"","background-image":"","background-repeat":"repeat","background-position":"center center","background-size":"auto","background-attachment":"scroll","background-type":"","background-media":"","overlay-type":"","overlay-color":"","overlay-opacity":"","overlay-gradient":""}},"ast-content-background-meta":{"desktop":{"background-color":"var(--ast-global-color-4)","background-image":"","background-repeat":"repeat","background-position":"center center","background-size":"auto","background-attachment":"scroll","background-type":"","background-media":"","overlay-type":"","overlay-color":"","overlay-opacity":"","overlay-gradient":""},"tablet":{"background-color":"var(--ast-global-color-4)","background-image":"","background-repeat":"repeat","background-position":"center center","background-size":"auto","background-attachment":"scroll","background-type":"","background-media":"","overlay-type":"","overlay-color":"","overlay-opacity":"","overlay-gradient":""},"mobile":{"background-color":"var(--ast-global-color-4)","background-image":"","background-repeat":"repeat","background-position":"center center","background-size":"auto","background-attachment":"scroll","background-type":"","background-media":"","overlay-type":"","overlay-color":"","overlay-opacity":"","overlay-gradient":""}}},"product_brand":[25],"product_cat":[52],"product_tag":[],"class_list":{"0":"post-1242","1":"product","2":"type-product","3":"status-publish","4":"has-post-thumbnail","6":"product_brand-agora","7":"product_cat-mercado-navidad","8":"desktop-align-left","9":"tablet-align-left","10":"mobile-align-left","12":"first","13":"outofstock","14":"sale","15":"shipping-taxable","16":"purchasable","17":"product-type-simple"},"_links":{"self":[{"href":"http:\/\/wp1.iesagora.es:60010\/creagora\/wp-json\/wp\/v2\/product\/1242","targetHints":{"allow":["GET"]}}],"collection":[{"href":"http:\/\/wp1.iesagora.es:60010\/creagora\/wp-json\/wp\/v2\/product"}],"about":[{"href":"http:\/\/wp1.iesagora.es:60010\/creagora\/wp-json\/wp\/v2\/types\/product"}],"replies":[{"embeddable":true,"href":"http:\/\/wp1.iesagora.es:60010\/creagora\/wp-json\/wp\/v2\/comments?post=1242"}],"wp:featuredmedia":[{"embeddable":true,"href":"http:\/\/wp1.iesagora.es:60010\/creagora\/wp-json\/wp\/v2\/media\/1225"}],"wp:attachment":[{"href":"http:\/\/wp1.iesagora.es:60010\/creagora\/wp-json\/wp\/v2\/media?parent=1242"}],"wp:term":[{"taxonomy":"product_brand","embeddable":true,"href":"http:\/\/wp1.iesagora.es:60010\/creagora\/wp-json\/wp\/v2\/product_brand?post=1242"},{"taxonomy":"product_cat","embeddable":true,"href":"http:\/\/wp1.iesagora.es:60010\/creagora\/wp-json\/wp\/v2\/product_cat?post=1242"},{"taxonomy":"product_tag","embeddable":true,"href":"http:\/\/wp1.iesagora.es:60010\/creagora\/wp-json\/wp\/v2\/product_tag?post=1242"}],"curies":[{"name":"wp","href":"https:\/\/api.w.org\/{rel}","templated":true}]}}