{"id":1165,"date":"2025-03-10T12:11:38","date_gmt":"2025-03-10T11:11:38","guid":{"rendered":"http:\/\/wp1.iesagora.es:60010\/creagora\/?post_type=product&#038;p=1165"},"modified":"2025-03-16T23:31:02","modified_gmt":"2025-03-16T22:31:02","slug":"blue-line","status":"publish","type":"product","link":"http:\/\/wp1.iesagora.es:60010\/creagora\/producto\/blue-line\/","title":{"rendered":"Blue Line Hombre"},"content":{"rendered":"<p>Un perfume masculino que fusiona sofisticaci\u00f3n y durabilidad, con un envase reutilizable hecho de pl\u00e1stico reciclable. Su dise\u00f1o compacto es ideal para llevar en el bolsillo, mientras que las c\u00e1psulas intercambiables garantizan una experiencia sostenible. Inspirado en la fuerza y la elegancia moderna, con un embalaje ecol\u00f3gico mediante bolsas de tela.<\/p>\n<p>&nbsp;<\/p>\n","protected":false},"excerpt":{"rendered":"<p>Un perfume masculino que fusiona sofisticaci\u00f3n y durabilidad, con un envase reutilizable hecho de pl\u00e1stico reciclable. Su dise\u00f1o compacto es [&hellip;]<\/p>\n","protected":false},"featured_media":1270,"comment_status":"open","ping_status":"closed","template":"","meta":{"site-sidebar-layout":"default","site-content-layout":"","ast-site-content-layout":"","site-content-style":"default","site-sidebar-style":"default","ast-global-header-display":"","ast-banner-title-visibility":"","ast-main-header-display":"","ast-hfb-above-header-display":"","ast-hfb-below-header-display":"","ast-hfb-mobile-header-display":"","site-post-title":"","ast-breadcrumbs-content":"","ast-featured-img":"","footer-sml-layout":"","theme-transparent-header-meta":"","adv-header-id-meta":"","stick-header-meta":"","header-above-stick-meta":"","header-main-stick-meta":"","header-below-stick-meta":"","astra-migrate-meta-layouts":"default","ast-page-background-enabled":"default","ast-page-background-meta":{"desktop":{"background-color":"var(--ast-global-color-5)","background-image":"","background-repeat":"repeat","background-position":"center center","background-size":"auto","background-attachment":"scroll","background-type":"","background-media":"","overlay-type":"","overlay-color":"","overlay-opacity":"","overlay-gradient":""},"tablet":{"background-color":"","background-image":"","background-repeat":"repeat","background-position":"center center","background-size":"auto","background-attachment":"scroll","background-type":"","background-media":"","overlay-type":"","overlay-color":"","overlay-opacity":"","overlay-gradient":""},"mobile":{"background-color":"","background-image":"","background-repeat":"repeat","background-position":"center center","background-size":"auto","background-attachment":"scroll","background-type":"","background-media":"","overlay-type":"","overlay-color":"","overlay-opacity":"","overlay-gradient":""}},"ast-content-background-meta":{"desktop":{"background-color":"var(--ast-global-color-4)","background-image":"","background-repeat":"repeat","background-position":"center center","background-size":"auto","background-attachment":"scroll","background-type":"","background-media":"","overlay-type":"","overlay-color":"","overlay-opacity":"","overlay-gradient":""},"tablet":{"background-color":"var(--ast-global-color-4)","background-image":"","background-repeat":"repeat","background-position":"center center","background-size":"auto","background-attachment":"scroll","background-type":"","background-media":"","overlay-type":"","overlay-color":"","overlay-opacity":"","overlay-gradient":""},"mobile":{"background-color":"var(--ast-global-color-4)","background-image":"","background-repeat":"repeat","background-position":"center center","background-size":"auto","background-attachment":"scroll","background-type":"","background-media":"","overlay-type":"","overlay-color":"","overlay-opacity":"","overlay-gradient":""}}},"product_brand":[25],"product_cat":[52],"product_tag":[],"class_list":{"0":"post-1165","1":"product","2":"type-product","3":"status-publish","4":"has-post-thumbnail","6":"product_brand-agora","7":"product_cat-mercado-navidad","8":"desktop-align-left","9":"tablet-align-left","10":"mobile-align-left","12":"first","13":"onbackorder","14":"sale","15":"shipping-taxable","16":"purchasable","17":"product-type-simple"},"_links":{"self":[{"href":"http:\/\/wp1.iesagora.es:60010\/creagora\/wp-json\/wp\/v2\/product\/1165","targetHints":{"allow":["GET"]}}],"collection":[{"href":"http:\/\/wp1.iesagora.es:60010\/creagora\/wp-json\/wp\/v2\/product"}],"about":[{"href":"http:\/\/wp1.iesagora.es:60010\/creagora\/wp-json\/wp\/v2\/types\/product"}],"replies":[{"embeddable":true,"href":"http:\/\/wp1.iesagora.es:60010\/creagora\/wp-json\/wp\/v2\/comments?post=1165"}],"wp:featuredmedia":[{"embeddable":true,"href":"http:\/\/wp1.iesagora.es:60010\/creagora\/wp-json\/wp\/v2\/media\/1270"}],"wp:attachment":[{"href":"http:\/\/wp1.iesagora.es:60010\/creagora\/wp-json\/wp\/v2\/media?parent=1165"}],"wp:term":[{"taxonomy":"product_brand","embeddable":true,"href":"http:\/\/wp1.iesagora.es:60010\/creagora\/wp-json\/wp\/v2\/product_brand?post=1165"},{"taxonomy":"product_cat","embeddable":true,"href":"http:\/\/wp1.iesagora.es:60010\/creagora\/wp-json\/wp\/v2\/product_cat?post=1165"},{"taxonomy":"product_tag","embeddable":true,"href":"http:\/\/wp1.iesagora.es:60010\/creagora\/wp-json\/wp\/v2\/product_tag?post=1165"}],"curies":[{"name":"wp","href":"https:\/\/api.w.org\/{rel}","templated":true}]}}