{"id":1050,"date":"2025-02-13T14:18:50","date_gmt":"2025-02-13T13:18:50","guid":{"rendered":"http:\/\/wp1.iesagora.es:60010\/creagora\/?post_type=product&#038;p=1050"},"modified":"2025-03-10T19:16:56","modified_gmt":"2025-03-10T18:16:56","slug":"camiseta-de-san-valentin-old-school-pablo","status":"publish","type":"product","link":"http:\/\/wp1.iesagora.es:60010\/creagora\/producto\/camiseta-de-san-valentin-old-school-pablo\/","title":{"rendered":"Camiseta de San Valent\u00edn Old-School -Pablo"},"content":{"rendered":"<p data-start=\"149\" data-end=\"309\">Dale un giro audaz y nost\u00e1lgico a San Valent\u00edn con esta camiseta de estilo retro. Su dise\u00f1o \u00fanico combina romanticismo y est\u00e9tica vintage con un toque urbano.<\/p>\n<p data-start=\"311\" data-end=\"327\"><strong data-start=\"314\" data-end=\"325\">Dise\u00f1o:<\/strong><\/p>\n<ul data-start=\"328\" data-end=\"670\">\n<li data-start=\"328\" data-end=\"452\">En la parte frontal, la palabra <strong data-start=\"362\" data-end=\"373\">\u00abLOVE!\u00bb<\/strong> repetida en una tipograf\u00eda llamativa aporta un mensaje simple pero poderoso.<\/li>\n<li data-start=\"453\" data-end=\"670\">En la parte trasera, un dise\u00f1o impactante con <strong data-start=\"501\" data-end=\"541\">una mirada intensa en efecto collage<\/strong>, acompa\u00f1ada de llamas tribales y la frase <strong data-start=\"584\" data-end=\"600\">\u00abOnly Yours\u00bb<\/strong> en tipograf\u00eda g\u00f3tica, evocando una vibra nost\u00e1lgica de los 90-2000.<\/li>\n<li data-start=\"453\" data-end=\"670\"><strong style=\"font-size: inherit\" data-start=\"674\" data-end=\"694\">Caracter\u00edsticas:<\/strong>\n<p data-start=\"672\" data-end=\"921\">\u00a0Algod\u00f3n suave y transpirable para m\u00e1xima comodidad.<br data-start=\"751\" data-end=\"754\" \/>\u00a0Corte relajado y vers\u00e1til, ideal para cualquier ocasi\u00f3n.<br data-start=\"813\" data-end=\"816\" \/>\u00a0Perfecta para quienes buscan una prenda con actitud y significado.<br data-start=\"885\" data-end=\"888\" \/>\u00a0Disponible en varias tallas.<\/p>\n<p data-start=\"923\" data-end=\"946\"><strong data-start=\"926\" data-end=\"944\">Precio: 10,90\u20ac<\/strong><\/p>\n<p data-start=\"948\" data-end=\"1046\">\u00a0No te quedes sin ella. Expresa tu amor con estilo retro este San Valent\u00edn. \u00a1Cons\u00edguela ahora!<\/p>\n<\/li>\n<\/ul>\n","protected":false},"excerpt":{"rendered":"<p>Dale un giro audaz y nost\u00e1lgico a San Valent\u00edn con esta camiseta de estilo retro. Su dise\u00f1o \u00fanico combina romanticismo [&hellip;]<\/p>\n","protected":false},"featured_media":1059,"comment_status":"open","ping_status":"closed","template":"","meta":{"site-sidebar-layout":"default","site-content-layout":"","ast-site-content-layout":"","site-content-style":"default","site-sidebar-style":"default","ast-global-header-display":"","ast-banner-title-visibility":"","ast-main-header-display":"","ast-hfb-above-header-display":"","ast-hfb-below-header-display":"","ast-hfb-mobile-header-display":"","site-post-title":"","ast-breadcrumbs-content":"","ast-featured-img":"","footer-sml-layout":"","theme-transparent-header-meta":"","adv-header-id-meta":"","stick-header-meta":"","header-above-stick-meta":"","header-main-stick-meta":"","header-below-stick-meta":"","astra-migrate-meta-layouts":"default","ast-page-background-enabled":"default","ast-page-background-meta":{"desktop":{"background-color":"var(--ast-global-color-5)","background-image":"","background-repeat":"repeat","background-position":"center center","background-size":"auto","background-attachment":"scroll","background-type":"","background-media":"","overlay-type":"","overlay-color":"","overlay-opacity":"","overlay-gradient":""},"tablet":{"background-color":"","background-image":"","background-repeat":"repeat","background-position":"center center","background-size":"auto","background-attachment":"scroll","background-type":"","background-media":"","overlay-type":"","overlay-color":"","overlay-opacity":"","overlay-gradient":""},"mobile":{"background-color":"","background-image":"","background-repeat":"repeat","background-position":"center center","background-size":"auto","background-attachment":"scroll","background-type":"","background-media":"","overlay-type":"","overlay-color":"","overlay-opacity":"","overlay-gradient":""}},"ast-content-background-meta":{"desktop":{"background-color":"var(--ast-global-color-4)","background-image":"","background-repeat":"repeat","background-position":"center center","background-size":"auto","background-attachment":"scroll","background-type":"","background-media":"","overlay-type":"","overlay-color":"","overlay-opacity":"","overlay-gradient":""},"tablet":{"background-color":"var(--ast-global-color-4)","background-image":"","background-repeat":"repeat","background-position":"center center","background-size":"auto","background-attachment":"scroll","background-type":"","background-media":"","overlay-type":"","overlay-color":"","overlay-opacity":"","overlay-gradient":""},"mobile":{"background-color":"var(--ast-global-color-4)","background-image":"","background-repeat":"repeat","background-position":"center center","background-size":"auto","background-attachment":"scroll","background-type":"","background-media":"","overlay-type":"","overlay-color":"","overlay-opacity":"","overlay-gradient":""}}},"product_brand":[],"product_cat":[26],"product_tag":[],"class_list":{"0":"post-1050","1":"product","2":"type-product","3":"status-publish","4":"has-post-thumbnail","6":"product_cat-san-valentin","7":"desktop-align-left","8":"tablet-align-left","9":"mobile-align-left","11":"first","12":"onbackorder","13":"shipping-taxable","14":"purchasable","15":"product-type-simple"},"_links":{"self":[{"href":"http:\/\/wp1.iesagora.es:60010\/creagora\/wp-json\/wp\/v2\/product\/1050","targetHints":{"allow":["GET"]}}],"collection":[{"href":"http:\/\/wp1.iesagora.es:60010\/creagora\/wp-json\/wp\/v2\/product"}],"about":[{"href":"http:\/\/wp1.iesagora.es:60010\/creagora\/wp-json\/wp\/v2\/types\/product"}],"replies":[{"embeddable":true,"href":"http:\/\/wp1.iesagora.es:60010\/creagora\/wp-json\/wp\/v2\/comments?post=1050"}],"wp:featuredmedia":[{"embeddable":true,"href":"http:\/\/wp1.iesagora.es:60010\/creagora\/wp-json\/wp\/v2\/media\/1059"}],"wp:attachment":[{"href":"http:\/\/wp1.iesagora.es:60010\/creagora\/wp-json\/wp\/v2\/media?parent=1050"}],"wp:term":[{"taxonomy":"product_brand","embeddable":true,"href":"http:\/\/wp1.iesagora.es:60010\/creagora\/wp-json\/wp\/v2\/product_brand?post=1050"},{"taxonomy":"product_cat","embeddable":true,"href":"http:\/\/wp1.iesagora.es:60010\/creagora\/wp-json\/wp\/v2\/product_cat?post=1050"},{"taxonomy":"product_tag","embeddable":true,"href":"http:\/\/wp1.iesagora.es:60010\/creagora\/wp-json\/wp\/v2\/product_tag?post=1050"}],"curies":[{"name":"wp","href":"https:\/\/api.w.org\/{rel}","templated":true}]}}