{"id":5,"date":"2024-03-21T13:58:11","date_gmt":"2024-03-21T12:58:11","guid":{"rendered":"http:\/\/wp1.iesagora.es:60010\/creagora\/?page_id=5"},"modified":"2025-04-09T12:25:37","modified_gmt":"2025-04-09T10:25:37","slug":"creagora-laboratorio-de-ideas","status":"publish","type":"page","link":"http:\/\/wp1.iesagora.es:60010\/creagora\/creagora-laboratorio-de-ideas\/","title":{"rendered":"El Proyecto"},"content":{"rendered":"\n<p>CRE\u00c1GORA es la f\u00e1brica de ideas del IES \u00c1gora. Es nuestro laboratorio de emprendimiento, en el que los <a href=\"http:\/\/wp1.iesagora.es:60010\/creagora\/los-protagonistas\/\">alumnos son los protagonistas<\/a>, ideando, prototipando y lanzando al mercado sus ideas de negocio.<\/p>\n\n\n\n<h3 class=\"wp-block-heading\"><strong>1) \u00bfEN QU\u00c9 CONSISTE?<\/strong><\/h3>\n\n\n\n<p>Utilizamos metodolog\u00edas activas para que nuestros alumnos desarrollen desde cero una idea de negocio, tomando como entorno la comunidad educativa. <\/p>\n\n\n\n<div class=\"wp-block-columns is-layout-flex wp-container-core-columns-is-layout-28f84493 wp-block-columns-is-layout-flex\">\n<div class=\"wp-block-column is-layout-flow wp-block-column-is-layout-flow\">\n<p><strong>FASES DEL PROYECTO:<\/strong><\/p>\n\n\n\n<ul class=\"wp-block-list\">\n<li>Comenzamos el curso realizando un taller de creatividad y dise\u00f1o de nuevos modelo de negocio.<\/li>\n<\/ul>\n\n\n\n<ul class=\"wp-block-list\">\n<li>Seleccionamos las mejores ideas y de ellas realizan un prototipo del producto.<\/li>\n<\/ul>\n\n\n\n<ul class=\"wp-block-list\">\n<li>A continuaci\u00f3n, realizan un estudio de mercado en el centro, para contrastar si existe demanda, el precio al que podr\u00edan venderlo, etc.<\/li>\n<\/ul>\n\n\n\n<ul class=\"wp-block-list\">\n<li>Una vez que ven la viabilidad del negocio, realizan una inversi\u00f3n de 10 euros por participante para adquirir los materiales de la fabricaci\u00f3n.<\/li>\n<\/ul>\n\n\n\n<ul class=\"wp-block-list\">\n<li>Una vez tenemos los productos, se venden en la comunidad educativa.<\/li>\n<\/ul>\n\n\n\n<ul class=\"wp-block-list\">\n<li>Una vez finalizada la venta, realizamos un an\u00e1lisis de rentabilidad para conocer qu\u00e9 proyectos han sido los m\u00e1s demandados, aspectos a mejorar en un futuro, etc.<\/li>\n<\/ul>\n<\/div>\n\n\n\n<div class=\"wp-block-column is-layout-flow wp-block-column-is-layout-flow\">\n<figure class=\"wp-block-image size-large\"><img fetchpriority=\"high\" decoding=\"async\" width=\"1024\" height=\"576\" src=\"http:\/\/wp1.iesagora.es:60010\/creagora\/wp-content\/uploads\/sites\/172\/2025\/03\/image-4-1024x576.png\" alt=\"\" class=\"wp-image-1402\" srcset=\"http:\/\/wp1.iesagora.es:60010\/creagora\/wp-content\/uploads\/sites\/172\/2025\/03\/image-4-1024x576.png 1024w, http:\/\/wp1.iesagora.es:60010\/creagora\/wp-content\/uploads\/sites\/172\/2025\/03\/image-4-300x169.png 300w, http:\/\/wp1.iesagora.es:60010\/creagora\/wp-content\/uploads\/sites\/172\/2025\/03\/image-4-768x432.png 768w, http:\/\/wp1.iesagora.es:60010\/creagora\/wp-content\/uploads\/sites\/172\/2025\/03\/image-4-1536x864.png 1536w, http:\/\/wp1.iesagora.es:60010\/creagora\/wp-content\/uploads\/sites\/172\/2025\/03\/image-4-2048x1152.png 2048w, http:\/\/wp1.iesagora.es:60010\/creagora\/wp-content\/uploads\/sites\/172\/2025\/03\/image-4-600x338.png 600w\" sizes=\"(max-width: 1024px) 100vw, 1024px\" \/><\/figure>\n<\/div>\n<\/div>\n\n\n\n<h3 class=\"wp-block-heading\"><strong>CAMPA\u00d1AS DE VENTA<\/strong><\/h3>\n\n\n\n<p>A lo largo del curso realizamos 3 campa\u00f1as, coincidiendo cada una de ellas con fechas se\u00f1aladas de cada trimestre.<\/p>\n\n\n\n<div class=\"wp-block-columns is-layout-flex wp-container-core-columns-is-layout-28f84493 wp-block-columns-is-layout-flex\">\n<div class=\"wp-block-column is-layout-flow wp-block-column-is-layout-flow\">\n<figure class=\"wp-block-image size-full\"><img decoding=\"async\" width=\"795\" height=\"387\" src=\"http:\/\/wp1.iesagora.es:60010\/creagora\/wp-content\/uploads\/sites\/172\/2025\/03\/Captura-de-pantalla-2025-03-25-a-las-19.37.59-1.png\" alt=\"\" class=\"wp-image-1396\" srcset=\"http:\/\/wp1.iesagora.es:60010\/creagora\/wp-content\/uploads\/sites\/172\/2025\/03\/Captura-de-pantalla-2025-03-25-a-las-19.37.59-1.png 795w, http:\/\/wp1.iesagora.es:60010\/creagora\/wp-content\/uploads\/sites\/172\/2025\/03\/Captura-de-pantalla-2025-03-25-a-las-19.37.59-1-300x146.png 300w, http:\/\/wp1.iesagora.es:60010\/creagora\/wp-content\/uploads\/sites\/172\/2025\/03\/Captura-de-pantalla-2025-03-25-a-las-19.37.59-1-768x374.png 768w, http:\/\/wp1.iesagora.es:60010\/creagora\/wp-content\/uploads\/sites\/172\/2025\/03\/Captura-de-pantalla-2025-03-25-a-las-19.37.59-1-600x292.png 600w\" sizes=\"(max-width: 795px) 100vw, 795px\" \/><\/figure>\n<\/div>\n\n\n\n<div class=\"wp-block-column is-layout-flow wp-block-column-is-layout-flow\">\n<p><\/p>\n\n\n\n<p>Pod\u00e9is ver ejemplos de actuaciones de cada campa\u00f1a en los siguientes enlaces:<\/p>\n\n\n\n<ul class=\"wp-block-list\">\n<li><a href=\"http:\/\/wp1.iesagora.es:60010\/creagora\/category\/campana-de-ventas\/mercado-de-navidad\/\">Campa\u00f1a de navidad<\/a><\/li>\n\n\n\n<li><a href=\"http:\/\/wp1.iesagora.es:60010\/creagora\/category\/campana-de-ventas\/san-valentin\/\">Campa\u00f1a de San Valent\u00edn<\/a><\/li>\n\n\n\n<li>Campa\u00f1a de Verano<\/li>\n<\/ul>\n<\/div>\n<\/div>\n\n\n\n<h3 class=\"wp-block-heading\"><strong>2) OBJETIVOS QUE PERSEGUIMOS:<\/strong><\/h3>\n\n\n\n<div class=\"wp-block-columns is-layout-flex wp-container-core-columns-is-layout-28f84493 wp-block-columns-is-layout-flex\">\n<div class=\"wp-block-column is-layout-flow wp-block-column-is-layout-flow\">\n<figure class=\"wp-block-table\"><table class=\"has-fixed-layout\"><thead><tr><th colspan=\"2\"><strong><mark style=\"background-color:var(--base-3)\" class=\"has-inline-color has-contrast-color\">OBJETIVOS PARA LOS PROFESORES<\/mark><\/strong><\/th><\/tr><\/thead><tbody><tr><td colspan=\"2\">1) Fomentar el esp\u00edritu emprendedor del alumnado<\/td><\/tr><tr><td colspan=\"2\">2) Impartir contenidos te\u00f3ricos desde un punto de vista pr\u00e1ctico<\/td><\/tr><tr><td colspan=\"2\">3) Mejorar el clima y motivaci\u00f3n del alumnado<\/td><\/tr><tr><td colspan=\"2\">4) Generar sinergias entre los diferentes niveles educativos y especialidades<\/td><\/tr><\/tbody><\/table><\/figure>\n<\/div>\n\n\n\n<div class=\"wp-block-column is-layout-flow wp-block-column-is-layout-flow\">\n<figure class=\"wp-block-table\"><table class=\"has-fixed-layout\"><thead><tr><th><strong><mark class=\"has-inline-color has-contrast-color\">OBJETIVOS PARA LOS ALUMNOS<\/mark><\/strong><\/th><\/tr><\/thead><tbody><tr><td>1) Obtener financiaci\u00f3n para realizar una actividad grupal conjunta.<\/td><\/tr><tr><td>2) Detectar oportunidades de negocio en analizando las caracter\u00edsticas de la comunidad educativa del IES \u00c1gora.<\/td><\/tr><tr><td rowspan=\"5\">3) Adquirir las siguientes habilidades y competencias:<br>&#8211; Utilizar la creatividad para el dise\u00f1o de los productos o la soluci\u00f3n de problemas.<br>&#8211; C\u00e1lculo matem\u00e1tico: an\u00e1lisis de costes, evaluaci\u00f3n de la rentabilidad, optimizaci\u00f3n de recursos<br>&#8211; Cambio de rol: pasar a ser alumnos activos que demuestren m\u00e1s habilidades.<br>&#8211; Trabajo en equipo y resoluci\u00f3n de conflictos.<br>-Usar y desarrollar las habilidades de comunicaci\u00f3n, tanto para la venta como para la exposici\u00f3n.Resiliencia<\/td><\/tr><\/tbody><\/table><\/figure>\n<\/div>\n<\/div>\n\n\n\n<h2 class=\"wp-block-heading\"><strong>PROFESORADO PARTICIPANTE<\/strong><\/h2>\n\n\n\n<p>Somos un grupo de profesores motivados, con mentes inquietas y muy empe\u00f1ados en conseguir que nuestros alumnos desarrollen habilidades emprendedoras para su futuro personal y profesional. <\/p>\n\n\n\n<p>Nos gustan las clases pr\u00e1cticas, la creatividad, la innovaci\u00f3n pedag\u00f3gica, el trabajo cooperativo, las metodolog\u00edas activas y el aprendizaje basado en retos. <\/p>\n\n\n\n<div class=\"wp-block-buttons is-content-justification-center is-layout-flex wp-container-core-buttons-is-layout-a89b3969 wp-block-buttons-is-layout-flex\">\n<div class=\"wp-block-button\"><a class=\"wp-block-button__link wp-element-button\" href=\"http:\/\/wp1.iesagora.es:60010\/creagora\/profesorado\/\">Conoce a los profes<\/a><\/div>\n<\/div>\n\n\n\n<h2 class=\"wp-block-heading\"><strong>ALUMNOS PARTICIPANTES<\/strong><\/h2>\n\n\n\n<p>En el IES \u00c1gora tenemos la suerte de contar con alumnos que son aut\u00e9nticos diamantes en bruto. Son el verdadero motor del proyecto y ver c\u00f3mo aprenden y progresan son nuestra verdadera motivaci\u00f3n.<\/p>\n\n\n\n<div class=\"wp-block-group is-layout-constrained wp-block-group-is-layout-constrained\">\n<figure class=\"wp-block-gallery has-nested-images columns-3 is-cropped wp-block-gallery-1 is-layout-flex wp-block-gallery-is-layout-flex\">\n<figure class=\"wp-block-image size-large\"><img decoding=\"async\" width=\"452\" height=\"577\" data-id=\"1435\" src=\"http:\/\/wp1.iesagora.es:60010\/creagora\/wp-content\/uploads\/sites\/172\/2025\/04\/Captura-de-pantalla-2025-04-09-a-las-12.15.47.png\" alt=\"\" class=\"wp-image-1435\" srcset=\"http:\/\/wp1.iesagora.es:60010\/creagora\/wp-content\/uploads\/sites\/172\/2025\/04\/Captura-de-pantalla-2025-04-09-a-las-12.15.47.png 452w, http:\/\/wp1.iesagora.es:60010\/creagora\/wp-content\/uploads\/sites\/172\/2025\/04\/Captura-de-pantalla-2025-04-09-a-las-12.15.47-235x300.png 235w\" sizes=\"(max-width: 452px) 100vw, 452px\" \/><\/figure>\n\n\n\n<figure class=\"wp-block-image size-large\"><img loading=\"lazy\" decoding=\"async\" width=\"451\" height=\"446\" data-id=\"1434\" src=\"http:\/\/wp1.iesagora.es:60010\/creagora\/wp-content\/uploads\/sites\/172\/2025\/04\/Captura-de-pantalla-2025-04-09-a-las-12.15.40.png\" alt=\"\" class=\"wp-image-1434\" srcset=\"http:\/\/wp1.iesagora.es:60010\/creagora\/wp-content\/uploads\/sites\/172\/2025\/04\/Captura-de-pantalla-2025-04-09-a-las-12.15.40.png 451w, http:\/\/wp1.iesagora.es:60010\/creagora\/wp-content\/uploads\/sites\/172\/2025\/04\/Captura-de-pantalla-2025-04-09-a-las-12.15.40-300x297.png 300w, http:\/\/wp1.iesagora.es:60010\/creagora\/wp-content\/uploads\/sites\/172\/2025\/04\/Captura-de-pantalla-2025-04-09-a-las-12.15.40-100x100.png 100w\" sizes=\"(max-width: 451px) 100vw, 451px\" \/><\/figure>\n\n\n\n<figure class=\"wp-block-image size-large\"><img loading=\"lazy\" decoding=\"async\" width=\"445\" height=\"514\" data-id=\"1443\" src=\"http:\/\/wp1.iesagora.es:60010\/creagora\/wp-content\/uploads\/sites\/172\/2025\/04\/Captura-de-pantalla-2025-04-09-a-las-12.15.33.png\" alt=\"\" class=\"wp-image-1443\" srcset=\"http:\/\/wp1.iesagora.es:60010\/creagora\/wp-content\/uploads\/sites\/172\/2025\/04\/Captura-de-pantalla-2025-04-09-a-las-12.15.33.png 445w, http:\/\/wp1.iesagora.es:60010\/creagora\/wp-content\/uploads\/sites\/172\/2025\/04\/Captura-de-pantalla-2025-04-09-a-las-12.15.33-260x300.png 260w\" sizes=\"(max-width: 445px) 100vw, 445px\" \/><\/figure>\n<\/figure>\n<\/div>\n\n\n\n<div class=\"wp-block-buttons is-content-justification-center is-layout-flex wp-container-core-buttons-is-layout-a89b3969 wp-block-buttons-is-layout-flex\">\n<div class=\"wp-block-button\"><a class=\"wp-block-button__link wp-element-button\" href=\"http:\/\/wp1.iesagora.es:60010\/creagora\/los-protagonistas\/\">Conoce a los alumnos<\/a><\/div>\n<\/div>\n\n\n\n<h3 class=\"wp-block-heading has-text-align-left\"><strong>VISI\u00d3N ESTRAT\u00c9GICA DEL EMPRENDIMIENTO EN EL CENTRO:<\/strong><\/h3>\n\n\n\n<p>En la actualidad, trabajamos el emprendimiento de forma cooperativa a trav\u00e9s de los siguientes&nbsp; programas o espacios educativos:&nbsp;&nbsp;<\/p>\n\n\n\n<div class=\"wp-block-columns is-layout-flex wp-container-core-columns-is-layout-28f84493 wp-block-columns-is-layout-flex\">\n<div class=\"wp-block-column is-layout-flow wp-block-column-is-layout-flow\" style=\"flex-basis:33.33%\">\n<ul class=\"wp-block-list\">\n<li>Aula de Emprendimiento&nbsp;<\/li>\n\n\n\n<li>Simulador de Empresas Simulex<\/li>\n\n\n\n<li>Cultura Emprendedora&nbsp;<\/li>\n\n\n\n<li>Aula del Futuro<\/li>\n\n\n\n<li>Eduemplea<\/li>\n<\/ul>\n<\/div>\n\n\n\n<div class=\"wp-block-column is-layout-flow wp-block-column-is-layout-flow\" style=\"flex-basis:66.66%\">\n<figure class=\"wp-block-image\"><img decoding=\"async\" src=\"https:\/\/lh7-rt.googleusercontent.com\/docsz\/AD_4nXd6uUlb7NYGZahCGjleYoODudPtZPz26tTXMP8wIvqw1v91yCM0LOzN4RrPsTVORU7xGZcOXzM2VqttWFGKTKzAErIxeAZ_coAxMKqFQmQHk_XDN1wVD1lm0_itGNWqyI_R2KzbTzICk4_lZg9jKsC6jMZq?key=qzApHKl6eTbi3AFTYN-GUg\" alt=\"\" \/><\/figure>\n<\/div>\n<\/div>\n\n\n\n<ul class=\"wp-block-list\">\n<li><\/li>\n<\/ul>\n\n\n\n<p><\/p>\n\n\n\n<p><\/p>\n","protected":false},"excerpt":{"rendered":"<p>CRE\u00c1GORA es la f\u00e1brica de ideas del IES \u00c1gora. Es nuestro laboratorio de emprendimiento, en el que los alumnos son [&hellip;]<\/p>\n","protected":false},"author":37,"featured_media":0,"parent":0,"menu_order":0,"comment_status":"closed","ping_status":"closed","template":"","meta":{"site-sidebar-layout":"default","site-content-layout":"","ast-site-content-layout":"","site-content-style":"default","site-sidebar-style":"default","ast-global-header-display":"","ast-banner-title-visibility":"","ast-main-header-display":"","ast-hfb-above-header-display":"","ast-hfb-below-header-display":"","ast-hfb-mobile-header-display":"","site-post-title":"","ast-breadcrumbs-content":"","ast-featured-img":"","footer-sml-layout":"","theme-transparent-header-meta":"","adv-header-id-meta":"","stick-header-meta":"","header-above-stick-meta":"","header-main-stick-meta":"","header-below-stick-meta":"","astra-migrate-meta-layouts":"default","ast-page-background-enabled":"default","ast-page-background-meta":{"desktop":{"background-color":"var(--ast-global-color-5)","background-image":"","background-repeat":"repeat","background-position":"center center","background-size":"auto","background-attachment":"scroll","background-type":"","background-media":"","overlay-type":"","overlay-color":"","overlay-opacity":"","overlay-gradient":""},"tablet":{"background-color":"","background-image":"","background-repeat":"repeat","background-position":"center center","background-size":"auto","background-attachment":"scroll","background-type":"","background-media":"","overlay-type":"","overlay-color":"","overlay-opacity":"","overlay-gradient":""},"mobile":{"background-color":"","background-image":"","background-repeat":"repeat","background-position":"center center","background-size":"auto","background-attachment":"scroll","background-type":"","background-media":"","overlay-type":"","overlay-color":"","overlay-opacity":"","overlay-gradient":""}},"ast-content-background-meta":{"desktop":{"background-color":"var(--ast-global-color-4)","background-image":"","background-repeat":"repeat","background-position":"center center","background-size":"auto","background-attachment":"scroll","background-type":"","background-media":"","overlay-type":"","overlay-color":"","overlay-opacity":"","overlay-gradient":""},"tablet":{"background-color":"var(--ast-global-color-4)","background-image":"","background-repeat":"repeat","background-position":"center center","background-size":"auto","background-attachment":"scroll","background-type":"","background-media":"","overlay-type":"","overlay-color":"","overlay-opacity":"","overlay-gradient":""},"mobile":{"background-color":"var(--ast-global-color-4)","background-image":"","background-repeat":"repeat","background-position":"center center","background-size":"auto","background-attachment":"scroll","background-type":"","background-media":"","overlay-type":"","overlay-color":"","overlay-opacity":"","overlay-gradient":""}},"footnotes":""},"class_list":["post-5","page","type-page","status-publish","hentry"],"_links":{"self":[{"href":"http:\/\/wp1.iesagora.es:60010\/creagora\/wp-json\/wp\/v2\/pages\/5","targetHints":{"allow":["GET"]}}],"collection":[{"href":"http:\/\/wp1.iesagora.es:60010\/creagora\/wp-json\/wp\/v2\/pages"}],"about":[{"href":"http:\/\/wp1.iesagora.es:60010\/creagora\/wp-json\/wp\/v2\/types\/page"}],"author":[{"embeddable":true,"href":"http:\/\/wp1.iesagora.es:60010\/creagora\/wp-json\/wp\/v2\/users\/37"}],"replies":[{"embeddable":true,"href":"http:\/\/wp1.iesagora.es:60010\/creagora\/wp-json\/wp\/v2\/comments?post=5"}],"version-history":[{"count":7,"href":"http:\/\/wp1.iesagora.es:60010\/creagora\/wp-json\/wp\/v2\/pages\/5\/revisions"}],"predecessor-version":[{"id":1449,"href":"http:\/\/wp1.iesagora.es:60010\/creagora\/wp-json\/wp\/v2\/pages\/5\/revisions\/1449"}],"wp:attachment":[{"href":"http:\/\/wp1.iesagora.es:60010\/creagora\/wp-json\/wp\/v2\/media?parent=5"}],"curies":[{"name":"wp","href":"https:\/\/api.w.org\/{rel}","templated":true}]}}