{"id":1582,"date":"2026-02-06T20:18:26","date_gmt":"2026-02-06T19:18:26","guid":{"rendered":"http:\/\/wp1.iesagora.es:60010\/creagora\/?page_id=1582"},"modified":"2026-02-06T20:18:26","modified_gmt":"2026-02-06T19:18:26","slug":"elementor-1582","status":"publish","type":"page","link":"http:\/\/wp1.iesagora.es:60010\/creagora\/elementor-1582\/","title":{"rendered":"Elementor #1582"},"content":{"rendered":"\t\t<div data-elementor-type=\"wp-post\" data-elementor-id=\"1582\" class=\"elementor elementor-1582\">\n\t\t\t\t\t\t<section class=\"elementor-section elementor-top-section elementor-element elementor-element-f48fc78 elementor-section-boxed elementor-section-height-default elementor-section-height-default\" data-id=\"f48fc78\" data-element_type=\"section\" data-e-type=\"section\">\n\t\t\t\t\t\t<div class=\"elementor-container elementor-column-gap-default\">\n\t\t\t\t\t<div class=\"elementor-column elementor-col-100 elementor-top-column elementor-element elementor-element-f52ab0e\" data-id=\"f52ab0e\" data-element_type=\"column\" data-e-type=\"column\">\n\t\t\t<div class=\"elementor-widget-wrap elementor-element-populated\">\n\t\t\t\t\t\t<div class=\"elementor-element elementor-element-3ccea2e elementor-widget elementor-widget-image\" data-id=\"3ccea2e\" data-element_type=\"widget\" data-e-type=\"widget\" data-widget_type=\"image.default\">\n\t\t\t\t<div class=\"elementor-widget-container\">\n\t\t\t\t\t\t\t\t\t\t\t\t\t\t\t<img decoding=\"async\" src=\"http:\/\/wp1.iesagora.es:60010\/creagora\/wp-content\/plugins\/elementor\/assets\/images\/placeholder.png\" title=\"\" alt=\"\" loading=\"lazy\" \/>\t\t\t\t\t\t\t\t\t\t\t\t\t\t\t<\/div>\n\t\t\t\t<\/div>\n\t\t\t\t<div class=\"elementor-element elementor-element-33f804f elementor-grid-3 elementor-grid-tablet-2 elementor-grid-mobile-1 elementor-posts--thumbnail-top elementor-widget elementor-widget-posts\" data-id=\"33f804f\" data-element_type=\"widget\" data-e-type=\"widget\" data-settings=\"{&quot;classic_columns&quot;:&quot;3&quot;,&quot;classic_columns_tablet&quot;:&quot;2&quot;,&quot;classic_columns_mobile&quot;:&quot;1&quot;,&quot;classic_row_gap&quot;:{&quot;unit&quot;:&quot;px&quot;,&quot;size&quot;:35,&quot;sizes&quot;:[]},&quot;classic_row_gap_tablet&quot;:{&quot;unit&quot;:&quot;px&quot;,&quot;size&quot;:&quot;&quot;,&quot;sizes&quot;:[]},&quot;classic_row_gap_mobile&quot;:{&quot;unit&quot;:&quot;px&quot;,&quot;size&quot;:&quot;&quot;,&quot;sizes&quot;:[]}}\" data-widget_type=\"posts.classic\">\n\t\t\t\t<div class=\"elementor-widget-container\">\n\t\t\t\t\t\t\t<div class=\"elementor-posts-container elementor-posts elementor-posts--skin-classic elementor-grid\">\n\t\t\t\t<article class=\"elementor-post elementor-grid-item post-3252 post type-post status-publish format-standard hentry category-sin-categoria\">\n\t\t\t\t<div class=\"elementor-post__text\">\n\t\t\t\t<h3 class=\"elementor-post__title\">\n\t\t\t<a href=\"http:\/\/wp1.iesagora.es:60010\/creagora\/2026\/04\/12\/galeria-de-fotos-mercado-navidad-2025\/\" >\n\t\t\t\tGaler\u00eda de fotos Mercado Navidad 2025\t\t\t<\/a>\n\t\t<\/h3>\n\t\t\t\t<div class=\"elementor-post__meta-data\">\n\t\t\t\t\t<span class=\"elementor-post-date\">\n\t\t\t12 de abril de 2026\t\t<\/span>\n\t\t\t\t<span class=\"elementor-post-avatar\">\n\t\t\tNo hay comentarios\t\t<\/span>\n\t\t\t\t<\/div>\n\t\t\t\t<div class=\"elementor-post__excerpt\">\n\t\t\t\t\t<\/div>\n\t\t\n\t\t<a class=\"elementor-post__read-more\" href=\"http:\/\/wp1.iesagora.es:60010\/creagora\/2026\/04\/12\/galeria-de-fotos-mercado-navidad-2025\/\" aria-label=\"Read more about Galer\u00eda de fotos Mercado Navidad 2025\" >\n\t\t\tRead More \u00bb\t\t<\/a>\n\n\t\t\t\t<\/div>\n\t\t\t\t<\/article>\n\t\t\t\t<article class=\"elementor-post elementor-grid-item post-3072 post type-post status-publish format-standard hentry category-sin-categoria\">\n\t\t\t\t<div class=\"elementor-post__text\">\n\t\t\t\t<h3 class=\"elementor-post__title\">\n\t\t\t<a href=\"http:\/\/wp1.iesagora.es:60010\/creagora\/2026\/04\/09\/proyecto-luz-de-los-recuerdos-2\/\" >\n\t\t\t\tProyecto \u00abLuz de los Recuerdos\u00bb\t\t\t<\/a>\n\t\t<\/h3>\n\t\t\t\t<div class=\"elementor-post__meta-data\">\n\t\t\t\t\t<span class=\"elementor-post-date\">\n\t\t\t9 de abril de 2026\t\t<\/span>\n\t\t\t\t<span class=\"elementor-post-avatar\">\n\t\t\tNo hay comentarios\t\t<\/span>\n\t\t\t\t<\/div>\n\t\t\t\t<div class=\"elementor-post__excerpt\">\n\t\t\t<p>Os presentamos el proyecto \u00abLuz de los Recuerdos\u00ab, cuyas promotoras son Elena Berrocoso Rubio y Nerea Ruiz Mart\u00ednez. Nuestro proyecto<\/p>\n\t\t<\/div>\n\t\t\n\t\t<a class=\"elementor-post__read-more\" href=\"http:\/\/wp1.iesagora.es:60010\/creagora\/2026\/04\/09\/proyecto-luz-de-los-recuerdos-2\/\" aria-label=\"Read more about Proyecto \u00abLuz de los Recuerdos\u00bb\" >\n\t\t\tRead More \u00bb\t\t<\/a>\n\n\t\t\t\t<\/div>\n\t\t\t\t<\/article>\n\t\t\t\t<article class=\"elementor-post elementor-grid-item post-2965 post type-post status-publish format-standard hentry category-sin-categoria\">\n\t\t\t\t<div class=\"elementor-post__text\">\n\t\t\t\t<h3 class=\"elementor-post__title\">\n\t\t\t<a href=\"http:\/\/wp1.iesagora.es:60010\/creagora\/2026\/04\/08\/proyecto-prisma-atelier-elementor\/\" >\n\t\t\t\tProyecto Prisma Atelier (Elementor)\t\t\t<\/a>\n\t\t<\/h3>\n\t\t\t\t<div class=\"elementor-post__meta-data\">\n\t\t\t\t\t<span class=\"elementor-post-date\">\n\t\t\t8 de abril de 2026\t\t<\/span>\n\t\t\t\t<span class=\"elementor-post-avatar\">\n\t\t\tNo hay comentarios\t\t<\/span>\n\t\t\t\t<\/div>\n\t\t\t\t<div class=\"elementor-post__excerpt\">\n\t\t\t\t\t<\/div>\n\t\t\n\t\t<a class=\"elementor-post__read-more\" href=\"http:\/\/wp1.iesagora.es:60010\/creagora\/2026\/04\/08\/proyecto-prisma-atelier-elementor\/\" aria-label=\"Read more about Proyecto Prisma Atelier (Elementor)\" >\n\t\t\tRead More \u00bb\t\t<\/a>\n\n\t\t\t\t<\/div>\n\t\t\t\t<\/article>\n\t\t\t\t<article class=\"elementor-post elementor-grid-item post-2784 post type-post status-publish format-standard has-post-thumbnail hentry category-1o-fpb-sc category-2o-fpb-sc category-4o-eso category-campana-de-ventas category-san-valentin tag-25_26_-ana_lucas tag-25_26_-cristina_bonilla tag-25_26_lara_sanchez tag-25_26_laura_sanchez tag-25_26_marta_cuellas\">\n\t\t\t\t<a class=\"elementor-post__thumbnail__link\" href=\"http:\/\/wp1.iesagora.es:60010\/creagora\/2026\/02\/05\/llega-la-campana-de-san-valentin-mas-dulce-del-ies-agora\/\" >\n\t\t\t<div class=\"elementor-post__thumbnail\"><img fetchpriority=\"high\" decoding=\"async\" width=\"203\" height=\"300\" src=\"http:\/\/wp1.iesagora.es:60010\/creagora\/wp-content\/uploads\/sites\/172\/2026\/02\/Cupido-1-203x300.jpg\" class=\"attachment-medium size-medium wp-image-2788\" alt=\"\" srcset=\"http:\/\/wp1.iesagora.es:60010\/creagora\/wp-content\/uploads\/sites\/172\/2026\/02\/Cupido-1-203x300.jpg 203w, http:\/\/wp1.iesagora.es:60010\/creagora\/wp-content\/uploads\/sites\/172\/2026\/02\/Cupido-1-694x1024.jpg 694w, http:\/\/wp1.iesagora.es:60010\/creagora\/wp-content\/uploads\/sites\/172\/2026\/02\/Cupido-1-768x1133.jpg 768w, http:\/\/wp1.iesagora.es:60010\/creagora\/wp-content\/uploads\/sites\/172\/2026\/02\/Cupido-1-600x885.jpg 600w, http:\/\/wp1.iesagora.es:60010\/creagora\/wp-content\/uploads\/sites\/172\/2026\/02\/Cupido-1.jpg 828w\" sizes=\"(max-width: 203px) 100vw, 203px\" \/><\/div>\n\t\t<\/a>\n\t\t\t\t<div class=\"elementor-post__text\">\n\t\t\t\t<h3 class=\"elementor-post__title\">\n\t\t\t<a href=\"http:\/\/wp1.iesagora.es:60010\/creagora\/2026\/02\/05\/llega-la-campana-de-san-valentin-mas-dulce-del-ies-agora\/\" >\n\t\t\t\tLlega la campa\u00f1a de San Valent\u00edn m\u00e1s dulce del IES \u00c1gora\t\t\t<\/a>\n\t\t<\/h3>\n\t\t\t\t<div class=\"elementor-post__meta-data\">\n\t\t\t\t\t<span class=\"elementor-post-date\">\n\t\t\t5 de febrero de 2026\t\t<\/span>\n\t\t\t\t<span class=\"elementor-post-avatar\">\n\t\t\tNo hay comentarios\t\t<\/span>\n\t\t\t\t<\/div>\n\t\t\t\t<div class=\"elementor-post__excerpt\">\n\t\t\t<p>Se acerca el 14 de febrero y el ambiente en nuestras aulas ya empieza a chispear. Es esa \u00e9poca del<\/p>\n\t\t<\/div>\n\t\t\n\t\t<a class=\"elementor-post__read-more\" href=\"http:\/\/wp1.iesagora.es:60010\/creagora\/2026\/02\/05\/llega-la-campana-de-san-valentin-mas-dulce-del-ies-agora\/\" aria-label=\"Read more about Llega la campa\u00f1a de San Valent\u00edn m\u00e1s dulce del IES \u00c1gora\" >\n\t\t\tRead More \u00bb\t\t<\/a>\n\n\t\t\t\t<\/div>\n\t\t\t\t<\/article>\n\t\t\t\t<article class=\"elementor-post elementor-grid-item post-3043 post type-post status-publish format-standard hentry category-1o-gvec category-2o-gvec category-estudio-de-mercado category-mercado-de-navidad tag-25_26_guadalupe_fernandez\">\n\t\t\t\t<div class=\"elementor-post__text\">\n\t\t\t\t<h3 class=\"elementor-post__title\">\n\t\t\t<a href=\"http:\/\/wp1.iesagora.es:60010\/creagora\/2026\/01\/30\/resultados-del-mercado-de-navidad-2025\/\" >\n\t\t\t\tResultados del Mercado de Navidad 2025\t\t\t<\/a>\n\t\t<\/h3>\n\t\t\t\t<div class=\"elementor-post__meta-data\">\n\t\t\t\t\t<span class=\"elementor-post-date\">\n\t\t\t30 de enero de 2026\t\t<\/span>\n\t\t\t\t<span class=\"elementor-post-avatar\">\n\t\t\tNo hay comentarios\t\t<\/span>\n\t\t\t\t<\/div>\n\t\t\t\t<div class=\"elementor-post__excerpt\">\n\t\t\t<p>Por: Marina Carrero Casta\u00f1o e Irene Cerezuela Albarr\u00e1n (alumnas de 2\u00ba de Gesti\u00f3n de Ventas y Espacios Comerciales) En este<\/p>\n\t\t<\/div>\n\t\t\n\t\t<a class=\"elementor-post__read-more\" href=\"http:\/\/wp1.iesagora.es:60010\/creagora\/2026\/01\/30\/resultados-del-mercado-de-navidad-2025\/\" aria-label=\"Read more about Resultados del Mercado de Navidad 2025\" >\n\t\t\tRead More \u00bb\t\t<\/a>\n\n\t\t\t\t<\/div>\n\t\t\t\t<\/article>\n\t\t\t\t<article class=\"elementor-post elementor-grid-item post-3238 post type-post status-publish format-standard hentry category-2o-mkyp category-mercado-de-navidad tag-25_26_nerea_merchan\">\n\t\t\t\t<div class=\"elementor-post__text\">\n\t\t\t\t<h3 class=\"elementor-post__title\">\n\t\t\t<a href=\"http:\/\/wp1.iesagora.es:60010\/creagora\/2026\/01\/12\/comision-de-relaciones-publicas-y-organizacion-de-eventos\/\" >\n\t\t\t\tComisi\u00f3n de Relaciones P\u00fablicas y Organizaci\u00f3n de Eventos\t\t\t<\/a>\n\t\t<\/h3>\n\t\t\t\t<div class=\"elementor-post__meta-data\">\n\t\t\t\t\t<span class=\"elementor-post-date\">\n\t\t\t12 de enero de 2026\t\t<\/span>\n\t\t\t\t<span class=\"elementor-post-avatar\">\n\t\t\tNo hay comentarios\t\t<\/span>\n\t\t\t\t<\/div>\n\t\t\t\t<div class=\"elementor-post__excerpt\">\n\t\t\t<p>El mercado se profesionaliza! Este a\u00f1o tenemos la suerte de contar con el alumnado de 2\u00ba de Marketing y Publicidad<\/p>\n\t\t<\/div>\n\t\t\n\t\t<a class=\"elementor-post__read-more\" href=\"http:\/\/wp1.iesagora.es:60010\/creagora\/2026\/01\/12\/comision-de-relaciones-publicas-y-organizacion-de-eventos\/\" aria-label=\"Read more about Comisi\u00f3n de Relaciones P\u00fablicas y Organizaci\u00f3n de Eventos\" >\n\t\t\tRead More \u00bb\t\t<\/a>\n\n\t\t\t\t<\/div>\n\t\t\t\t<\/article>\n\t\t\t\t<\/div>\n\t\t\n\t\t\t\t\t\t<\/div>\n\t\t\t\t<\/div>\n\t\t\t\t\t<\/div>\n\t\t<\/div>\n\t\t\t\t\t<\/div>\n\t\t<\/section>\n\t\t\t\t<section class=\"elementor-section elementor-top-section elementor-element elementor-element-ecf36cd elementor-section-boxed elementor-section-height-default elementor-section-height-default\" data-id=\"ecf36cd\" data-element_type=\"section\" data-e-type=\"section\">\n\t\t\t\t\t\t<div class=\"elementor-container elementor-column-gap-default\">\n\t\t\t\t\t<div class=\"elementor-column elementor-col-100 elementor-top-column elementor-element elementor-element-afddb6f\" data-id=\"afddb6f\" data-element_type=\"column\" data-e-type=\"column\">\n\t\t\t<div class=\"elementor-widget-wrap elementor-element-populated\">\n\t\t\t\t\t\t<div class=\"elementor-element elementor-element-e938ba7 elementor-widget elementor-widget-button\" data-id=\"e938ba7\" data-element_type=\"widget\" data-e-type=\"widget\" data-widget_type=\"button.default\">\n\t\t\t\t<div class=\"elementor-widget-container\">\n\t\t\t\t\t\t\t\t\t<div class=\"elementor-button-wrapper\">\n\t\t\t\t\t<a class=\"elementor-button elementor-button-link elementor-size-sm\" href=\"#\">\n\t\t\t\t\t\t<span class=\"elementor-button-content-wrapper\">\n\t\t\t\t\t\t\t\t\t<span class=\"elementor-button-text\">Haz clic aqu\u00ed<\/span>\n\t\t\t\t\t<\/span>\n\t\t\t\t\t<\/a>\n\t\t\t\t<\/div>\n\t\t\t\t\t\t\t\t<\/div>\n\t\t\t\t<\/div>\n\t\t\t\t\t<\/div>\n\t\t<\/div>\n\t\t\t\t\t<\/div>\n\t\t<\/section>\n\t\t\t\t<section class=\"elementor-section elementor-top-section elementor-element elementor-element-333b195 elementor-section-boxed elementor-section-height-default elementor-section-height-default\" data-id=\"333b195\" data-element_type=\"section\" data-e-type=\"section\">\n\t\t\t\t\t\t<div class=\"elementor-container elementor-column-gap-default\">\n\t\t\t\t\t<div class=\"elementor-column elementor-col-100 elementor-top-column elementor-element elementor-element-7f7c248\" data-id=\"7f7c248\" data-element_type=\"column\" data-e-type=\"column\">\n\t\t\t<div class=\"elementor-widget-wrap elementor-element-populated\">\n\t\t\t\t\t\t<div class=\"elementor-element elementor-element-dabb2d6 elementor-grid-3 elementor-grid-tablet-2 elementor-grid-mobile-1 elementor-posts--thumbnail-top elementor-widget elementor-widget-posts\" data-id=\"dabb2d6\" data-element_type=\"widget\" data-e-type=\"widget\" data-settings=\"{&quot;classic_masonry&quot;:&quot;yes&quot;,&quot;classic_columns&quot;:&quot;3&quot;,&quot;classic_columns_tablet&quot;:&quot;2&quot;,&quot;classic_columns_mobile&quot;:&quot;1&quot;,&quot;classic_row_gap&quot;:{&quot;unit&quot;:&quot;px&quot;,&quot;size&quot;:35,&quot;sizes&quot;:[]},&quot;classic_row_gap_tablet&quot;:{&quot;unit&quot;:&quot;px&quot;,&quot;size&quot;:&quot;&quot;,&quot;sizes&quot;:[]},&quot;classic_row_gap_mobile&quot;:{&quot;unit&quot;:&quot;px&quot;,&quot;size&quot;:&quot;&quot;,&quot;sizes&quot;:[]}}\" data-widget_type=\"posts.classic\">\n\t\t\t\t<div class=\"elementor-widget-container\">\n\t\t\t\t\t\t\t<div class=\"elementor-posts-container elementor-posts elementor-posts--skin-classic elementor-grid\">\n\t\t\t\t<article class=\"elementor-post elementor-grid-item post-3252 post type-post status-publish format-standard hentry category-sin-categoria\">\n\t\t\t\t<div class=\"elementor-post__text\">\n\t\t\t\t<h3 class=\"elementor-post__title\">\n\t\t\t<a href=\"http:\/\/wp1.iesagora.es:60010\/creagora\/2026\/04\/12\/galeria-de-fotos-mercado-navidad-2025\/\" >\n\t\t\t\tGaler\u00eda de fotos Mercado Navidad 2025\t\t\t<\/a>\n\t\t<\/h3>\n\t\t\t\t<div class=\"elementor-post__meta-data\">\n\t\t\t\t\t<span class=\"elementor-post-date\">\n\t\t\t12 de abril de 2026\t\t<\/span>\n\t\t\t\t<span class=\"elementor-post-avatar\">\n\t\t\tNo hay comentarios\t\t<\/span>\n\t\t\t\t<\/div>\n\t\t\t\t<div class=\"elementor-post__excerpt\">\n\t\t\t\t\t<\/div>\n\t\t\n\t\t<a class=\"elementor-post__read-more\" href=\"http:\/\/wp1.iesagora.es:60010\/creagora\/2026\/04\/12\/galeria-de-fotos-mercado-navidad-2025\/\" aria-label=\"Read more about Galer\u00eda de fotos Mercado Navidad 2025\" >\n\t\t\tRead More \u00bb\t\t<\/a>\n\n\t\t\t\t<\/div>\n\t\t\t\t<\/article>\n\t\t\t\t<article class=\"elementor-post elementor-grid-item post-3072 post type-post status-publish format-standard hentry category-sin-categoria\">\n\t\t\t\t<div class=\"elementor-post__text\">\n\t\t\t\t<h3 class=\"elementor-post__title\">\n\t\t\t<a href=\"http:\/\/wp1.iesagora.es:60010\/creagora\/2026\/04\/09\/proyecto-luz-de-los-recuerdos-2\/\" >\n\t\t\t\tProyecto \u00abLuz de los Recuerdos\u00bb\t\t\t<\/a>\n\t\t<\/h3>\n\t\t\t\t<div class=\"elementor-post__meta-data\">\n\t\t\t\t\t<span class=\"elementor-post-date\">\n\t\t\t9 de abril de 2026\t\t<\/span>\n\t\t\t\t<span class=\"elementor-post-avatar\">\n\t\t\tNo hay comentarios\t\t<\/span>\n\t\t\t\t<\/div>\n\t\t\t\t<div class=\"elementor-post__excerpt\">\n\t\t\t<p>Os presentamos el proyecto \u00abLuz de los Recuerdos\u00ab, cuyas promotoras son Elena Berrocoso Rubio y Nerea Ruiz Mart\u00ednez. Nuestro proyecto<\/p>\n\t\t<\/div>\n\t\t\n\t\t<a class=\"elementor-post__read-more\" href=\"http:\/\/wp1.iesagora.es:60010\/creagora\/2026\/04\/09\/proyecto-luz-de-los-recuerdos-2\/\" aria-label=\"Read more about Proyecto \u00abLuz de los Recuerdos\u00bb\" >\n\t\t\tRead More \u00bb\t\t<\/a>\n\n\t\t\t\t<\/div>\n\t\t\t\t<\/article>\n\t\t\t\t<article class=\"elementor-post elementor-grid-item post-2965 post type-post status-publish format-standard hentry category-sin-categoria\">\n\t\t\t\t<div class=\"elementor-post__text\">\n\t\t\t\t<h3 class=\"elementor-post__title\">\n\t\t\t<a href=\"http:\/\/wp1.iesagora.es:60010\/creagora\/2026\/04\/08\/proyecto-prisma-atelier-elementor\/\" >\n\t\t\t\tProyecto Prisma Atelier (Elementor)\t\t\t<\/a>\n\t\t<\/h3>\n\t\t\t\t<div class=\"elementor-post__meta-data\">\n\t\t\t\t\t<span class=\"elementor-post-date\">\n\t\t\t8 de abril de 2026\t\t<\/span>\n\t\t\t\t<span class=\"elementor-post-avatar\">\n\t\t\tNo hay comentarios\t\t<\/span>\n\t\t\t\t<\/div>\n\t\t\t\t<div class=\"elementor-post__excerpt\">\n\t\t\t\t\t<\/div>\n\t\t\n\t\t<a class=\"elementor-post__read-more\" href=\"http:\/\/wp1.iesagora.es:60010\/creagora\/2026\/04\/08\/proyecto-prisma-atelier-elementor\/\" aria-label=\"Read more about Proyecto Prisma Atelier (Elementor)\" >\n\t\t\tRead More \u00bb\t\t<\/a>\n\n\t\t\t\t<\/div>\n\t\t\t\t<\/article>\n\t\t\t\t<article class=\"elementor-post elementor-grid-item post-2784 post type-post status-publish format-standard has-post-thumbnail hentry category-1o-fpb-sc category-2o-fpb-sc category-4o-eso category-campana-de-ventas category-san-valentin tag-25_26_-ana_lucas tag-25_26_-cristina_bonilla tag-25_26_lara_sanchez tag-25_26_laura_sanchez tag-25_26_marta_cuellas\">\n\t\t\t\t<a class=\"elementor-post__thumbnail__link\" href=\"http:\/\/wp1.iesagora.es:60010\/creagora\/2026\/02\/05\/llega-la-campana-de-san-valentin-mas-dulce-del-ies-agora\/\" >\n\t\t\t<div class=\"elementor-post__thumbnail\"><img fetchpriority=\"high\" decoding=\"async\" width=\"203\" height=\"300\" src=\"http:\/\/wp1.iesagora.es:60010\/creagora\/wp-content\/uploads\/sites\/172\/2026\/02\/Cupido-1-203x300.jpg\" class=\"attachment-medium size-medium wp-image-2788\" alt=\"\" srcset=\"http:\/\/wp1.iesagora.es:60010\/creagora\/wp-content\/uploads\/sites\/172\/2026\/02\/Cupido-1-203x300.jpg 203w, http:\/\/wp1.iesagora.es:60010\/creagora\/wp-content\/uploads\/sites\/172\/2026\/02\/Cupido-1-694x1024.jpg 694w, http:\/\/wp1.iesagora.es:60010\/creagora\/wp-content\/uploads\/sites\/172\/2026\/02\/Cupido-1-768x1133.jpg 768w, http:\/\/wp1.iesagora.es:60010\/creagora\/wp-content\/uploads\/sites\/172\/2026\/02\/Cupido-1-600x885.jpg 600w, http:\/\/wp1.iesagora.es:60010\/creagora\/wp-content\/uploads\/sites\/172\/2026\/02\/Cupido-1.jpg 828w\" sizes=\"(max-width: 203px) 100vw, 203px\" \/><\/div>\n\t\t<\/a>\n\t\t\t\t<div class=\"elementor-post__text\">\n\t\t\t\t<h3 class=\"elementor-post__title\">\n\t\t\t<a href=\"http:\/\/wp1.iesagora.es:60010\/creagora\/2026\/02\/05\/llega-la-campana-de-san-valentin-mas-dulce-del-ies-agora\/\" >\n\t\t\t\tLlega la campa\u00f1a de San Valent\u00edn m\u00e1s dulce del IES \u00c1gora\t\t\t<\/a>\n\t\t<\/h3>\n\t\t\t\t<div class=\"elementor-post__meta-data\">\n\t\t\t\t\t<span class=\"elementor-post-date\">\n\t\t\t5 de febrero de 2026\t\t<\/span>\n\t\t\t\t<span class=\"elementor-post-avatar\">\n\t\t\tNo hay comentarios\t\t<\/span>\n\t\t\t\t<\/div>\n\t\t\t\t<div class=\"elementor-post__excerpt\">\n\t\t\t<p>Se acerca el 14 de febrero y el ambiente en nuestras aulas ya empieza a chispear. Es esa \u00e9poca del<\/p>\n\t\t<\/div>\n\t\t\n\t\t<a class=\"elementor-post__read-more\" href=\"http:\/\/wp1.iesagora.es:60010\/creagora\/2026\/02\/05\/llega-la-campana-de-san-valentin-mas-dulce-del-ies-agora\/\" aria-label=\"Read more about Llega la campa\u00f1a de San Valent\u00edn m\u00e1s dulce del IES \u00c1gora\" >\n\t\t\tRead More \u00bb\t\t<\/a>\n\n\t\t\t\t<\/div>\n\t\t\t\t<\/article>\n\t\t\t\t<article class=\"elementor-post elementor-grid-item post-3043 post type-post status-publish format-standard hentry category-1o-gvec category-2o-gvec category-estudio-de-mercado category-mercado-de-navidad tag-25_26_guadalupe_fernandez\">\n\t\t\t\t<div class=\"elementor-post__text\">\n\t\t\t\t<h3 class=\"elementor-post__title\">\n\t\t\t<a href=\"http:\/\/wp1.iesagora.es:60010\/creagora\/2026\/01\/30\/resultados-del-mercado-de-navidad-2025\/\" >\n\t\t\t\tResultados del Mercado de Navidad 2025\t\t\t<\/a>\n\t\t<\/h3>\n\t\t\t\t<div class=\"elementor-post__meta-data\">\n\t\t\t\t\t<span class=\"elementor-post-date\">\n\t\t\t30 de enero de 2026\t\t<\/span>\n\t\t\t\t<span class=\"elementor-post-avatar\">\n\t\t\tNo hay comentarios\t\t<\/span>\n\t\t\t\t<\/div>\n\t\t\t\t<div class=\"elementor-post__excerpt\">\n\t\t\t<p>Por: Marina Carrero Casta\u00f1o e Irene Cerezuela Albarr\u00e1n (alumnas de 2\u00ba de Gesti\u00f3n de Ventas y Espacios Comerciales) En este<\/p>\n\t\t<\/div>\n\t\t\n\t\t<a class=\"elementor-post__read-more\" href=\"http:\/\/wp1.iesagora.es:60010\/creagora\/2026\/01\/30\/resultados-del-mercado-de-navidad-2025\/\" aria-label=\"Read more about Resultados del Mercado de Navidad 2025\" >\n\t\t\tRead More \u00bb\t\t<\/a>\n\n\t\t\t\t<\/div>\n\t\t\t\t<\/article>\n\t\t\t\t<article class=\"elementor-post elementor-grid-item post-3238 post type-post status-publish format-standard hentry category-2o-mkyp category-mercado-de-navidad tag-25_26_nerea_merchan\">\n\t\t\t\t<div class=\"elementor-post__text\">\n\t\t\t\t<h3 class=\"elementor-post__title\">\n\t\t\t<a href=\"http:\/\/wp1.iesagora.es:60010\/creagora\/2026\/01\/12\/comision-de-relaciones-publicas-y-organizacion-de-eventos\/\" >\n\t\t\t\tComisi\u00f3n de Relaciones P\u00fablicas y Organizaci\u00f3n de Eventos\t\t\t<\/a>\n\t\t<\/h3>\n\t\t\t\t<div class=\"elementor-post__meta-data\">\n\t\t\t\t\t<span class=\"elementor-post-date\">\n\t\t\t12 de enero de 2026\t\t<\/span>\n\t\t\t\t<span class=\"elementor-post-avatar\">\n\t\t\tNo hay comentarios\t\t<\/span>\n\t\t\t\t<\/div>\n\t\t\t\t<div class=\"elementor-post__excerpt\">\n\t\t\t<p>El mercado se profesionaliza! Este a\u00f1o tenemos la suerte de contar con el alumnado de 2\u00ba de Marketing y Publicidad<\/p>\n\t\t<\/div>\n\t\t\n\t\t<a class=\"elementor-post__read-more\" href=\"http:\/\/wp1.iesagora.es:60010\/creagora\/2026\/01\/12\/comision-de-relaciones-publicas-y-organizacion-de-eventos\/\" aria-label=\"Read more about Comisi\u00f3n de Relaciones P\u00fablicas y Organizaci\u00f3n de Eventos\" >\n\t\t\tRead More \u00bb\t\t<\/a>\n\n\t\t\t\t<\/div>\n\t\t\t\t<\/article>\n\t\t\t\t<\/div>\n\t\t\n\t\t\t\t\t\t<\/div>\n\t\t\t\t<\/div>\n\t\t\t\t\t<\/div>\n\t\t<\/div>\n\t\t\t\t\t<\/div>\n\t\t<\/section>\n\t\t\t\t<\/div>\n\t\t","protected":false},"excerpt":{"rendered":"<p>Haz clic aqu\u00ed<\/p>\n","protected":false},"author":37,"featured_media":0,"parent":0,"menu_order":0,"comment_status":"closed","ping_status":"closed","template":"","meta":{"site-sidebar-layout":"default","site-content-layout":"","ast-site-content-layout":"","site-content-style":"default","site-sidebar-style":"default","ast-global-header-display":"","ast-banner-title-visibility":"","ast-main-header-display":"","ast-hfb-above-header-display":"","ast-hfb-below-header-display":"","ast-hfb-mobile-header-display":"","site-post-title":"","ast-breadcrumbs-content":"","ast-featured-img":"","footer-sml-layout":"","theme-transparent-header-meta":"","adv-header-id-meta":"","stick-header-meta":"","header-above-stick-meta":"","header-main-stick-meta":"","header-below-stick-meta":"","astra-migrate-meta-layouts":"default","ast-page-background-enabled":"default","ast-page-background-meta":{"desktop":{"background-color":"var(--ast-global-color-5)","background-image":"","background-repeat":"repeat","background-position":"center center","background-size":"auto","background-attachment":"scroll","background-type":"","background-media":"","overlay-type":"","overlay-color":"","overlay-opacity":"","overlay-gradient":""},"tablet":{"background-color":"","background-image":"","background-repeat":"repeat","background-position":"center center","background-size":"auto","background-attachment":"scroll","background-type":"","background-media":"","overlay-type":"","overlay-color":"","overlay-opacity":"","overlay-gradient":""},"mobile":{"background-color":"","background-image":"","background-repeat":"repeat","background-position":"center center","background-size":"auto","background-attachment":"scroll","background-type":"","background-media":"","overlay-type":"","overlay-color":"","overlay-opacity":"","overlay-gradient":""}},"ast-content-background-meta":{"desktop":{"background-color":"var(--ast-global-color-4)","background-image":"","background-repeat":"repeat","background-position":"center center","background-size":"auto","background-attachment":"scroll","background-type":"","background-media":"","overlay-type":"","overlay-color":"","overlay-opacity":"","overlay-gradient":""},"tablet":{"background-color":"var(--ast-global-color-4)","background-image":"","background-repeat":"repeat","background-position":"center center","background-size":"auto","background-attachment":"scroll","background-type":"","background-media":"","overlay-type":"","overlay-color":"","overlay-opacity":"","overlay-gradient":""},"mobile":{"background-color":"var(--ast-global-color-4)","background-image":"","background-repeat":"repeat","background-position":"center center","background-size":"auto","background-attachment":"scroll","background-type":"","background-media":"","overlay-type":"","overlay-color":"","overlay-opacity":"","overlay-gradient":""}},"footnotes":""},"class_list":["post-1582","page","type-page","status-publish","hentry"],"_links":{"self":[{"href":"http:\/\/wp1.iesagora.es:60010\/creagora\/wp-json\/wp\/v2\/pages\/1582","targetHints":{"allow":["GET"]}}],"collection":[{"href":"http:\/\/wp1.iesagora.es:60010\/creagora\/wp-json\/wp\/v2\/pages"}],"about":[{"href":"http:\/\/wp1.iesagora.es:60010\/creagora\/wp-json\/wp\/v2\/types\/page"}],"author":[{"embeddable":true,"href":"http:\/\/wp1.iesagora.es:60010\/creagora\/wp-json\/wp\/v2\/users\/37"}],"replies":[{"embeddable":true,"href":"http:\/\/wp1.iesagora.es:60010\/creagora\/wp-json\/wp\/v2\/comments?post=1582"}],"version-history":[{"count":5,"href":"http:\/\/wp1.iesagora.es:60010\/creagora\/wp-json\/wp\/v2\/pages\/1582\/revisions"}],"predecessor-version":[{"id":2817,"href":"http:\/\/wp1.iesagora.es:60010\/creagora\/wp-json\/wp\/v2\/pages\/1582\/revisions\/2817"}],"wp:attachment":[{"href":"http:\/\/wp1.iesagora.es:60010\/creagora\/wp-json\/wp\/v2\/media?parent=1582"}],"curies":[{"name":"wp","href":"https:\/\/api.w.org\/{rel}","templated":true}]}}