{"id":81,"date":"2026-03-12T16:49:10","date_gmt":"2026-03-12T15:49:10","guid":{"rendered":"http:\/\/wp1.iesagora.es:60010\/automovilescaceres\/?post_type=product&#038;p=81"},"modified":"2026-03-22T17:42:18","modified_gmt":"2026-03-22T16:42:18","slug":"volkswagen-golf-seminuevo","status":"publish","type":"product","link":"http:\/\/wp1.iesagora.es:60010\/automovilescaceres\/producto\/volkswagen-golf-seminuevo\/","title":{"rendered":"Volkswagen Golf"},"content":{"rendered":"<p data-path-to-node=\"6\"><span style=\"color: #000000\"><b data-path-to-node=\"6\" data-index-in-node=\"0\">El icono atemporal de los compactos<\/b> Hablar del <b data-path-to-node=\"6\" data-index-in-node=\"47\">Volkswagen Golf de segunda mano<\/b> es hablar de una leyenda de las carreteras europeas. Este modelo se ha ganado a pulso ser el est\u00e1ndar por el cual se miden todos los dem\u00e1s veh\u00edculos de su categor\u00eda. En Autom\u00f3viles C\u00e1ceres te ofrecemos la oportunidad de llevarte a casa esta fant\u00e1stica unidad seminueva que combina a la perfecci\u00f3n la herencia cl\u00e1sica de la marca con la tecnolog\u00eda m\u00e1s vanguardista del mercado actual.<\/span><\/p>\n<p data-path-to-node=\"7\"><span style=\"color: #000000\"><b data-path-to-node=\"7\" data-index-in-node=\"0\">Rendimiento, dinamismo y eficiencia<\/b> Lo que hace verdaderamente especial al Golf es su asombroso equilibrio. Su chasis est\u00e1 ajustado con una precisi\u00f3n milim\u00e9trica, ofreciendo un confort de marcha excepcional en autov\u00eda y, al mismo tiempo, una agilidad sorprendente en carreteras de curvas. Sus eficientes motorizaciones de \u00faltima generaci\u00f3n est\u00e1n dise\u00f1adas para ofrecer un empuje contundente manteniendo unos consumos de combustible realmente ajustados. Esto lo convierte en un coche econ\u00f3mico de mantener sin tener que renunciar al placer de conducir en tu d\u00eda a d\u00eda por Extremadura.<\/span><\/p>\n<p data-path-to-node=\"8\"><span style=\"color: #000000\"><b data-path-to-node=\"8\" data-index-in-node=\"0\">Interior digital y tecnolog\u00eda de vanguardia<\/b> El habit\u00e1culo de esta generaci\u00f3n del Volkswagen Golf ha dado un salto gigante hacia el futuro. El entorno del conductor est\u00e1 totalmente digitalizado:<\/span><\/p>\n<ul data-path-to-node=\"9\">\n<li>\n<p data-path-to-node=\"9,0,0\"><span style=\"color: #000000\"><b data-path-to-node=\"9,0,0\" data-index-in-node=\"0\">Innovision Cockpit:<\/b> Olv\u00eddate de los relojes anal\u00f3gicos. Disfruta de un cuadro de instrumentos totalmente digital y personalizable que se une visualmente a la pantalla central del sistema de infoentretenimiento.<\/span><\/p>\n<\/li>\n<li>\n<p data-path-to-node=\"9,1,0\"><span style=\"color: #000000\"><b data-path-to-node=\"9,1,0\" data-index-in-node=\"0\">Conectividad total:<\/b> Sincroniza tu smartphone sin cables gracias a la integraci\u00f3n perfecta con Apple CarPlay y Android Auto.<\/span><\/p>\n<\/li>\n<li>\n<p data-path-to-node=\"9,2,0\"><span style=\"color: #000000\"><b data-path-to-node=\"9,2,0\" data-index-in-node=\"0\">Asistentes de conducci\u00f3n (IQ.DRIVE):<\/b> Esta unidad viene equipada con sistemas avanzados de seguridad activa, como el asistente de mantenimiento de carril, frenada de emergencia en ciudad y control de crucero adaptativo.<\/span><\/p>\n<\/li>\n<\/ul>\n<p data-path-to-node=\"10\"><span style=\"color: #000000\"><b data-path-to-node=\"10\" data-index-in-node=\"0\">Tu mejor inversi\u00f3n en Autom\u00f3viles C\u00e1ceres<\/b> Comprar un Golf en el mercado de ocasi\u00f3n es siempre una apuesta ganadora gracias a su lent\u00edsima depreciaci\u00f3n y su legendaria fiabilidad. Nuestro equipo de mec\u00e1nicos ha revisado minuciosamente cada componente, desde la electr\u00f3nica hasta el sistema de suspensi\u00f3n, para garantizar que te llevas un veh\u00edculo en estado impecable. Disfruta de la calidad premium de Volkswagen con un ahorro significativo frente a su precio de concesionario oficial.<\/span><\/p>\n","protected":false},"excerpt":{"rendered":"<p><span style=\"color: #000000\">El rey indiscutible de los compactos europeos. Fiabilidad alemana, dise\u00f1o atemporal y tecnolog\u00eda avanzada. Un veh\u00edculo vers\u00e1til, con un comportamiento din\u00e1mico impecable, perfecto tanto para moverte por la ciudad como para largos viajes por carretera. Totalmente revisado y con garant\u00eda.<\/span><\/p>\n","protected":false},"featured_media":242,"comment_status":"open","ping_status":"closed","template":"","meta":{"site-sidebar-layout":"default","site-content-layout":"","ast-site-content-layout":"default","site-content-style":"default","site-sidebar-style":"default","ast-global-header-display":"","ast-banner-title-visibility":"","ast-main-header-display":"","ast-hfb-above-header-display":"","ast-hfb-below-header-display":"","ast-hfb-mobile-header-display":"","site-post-title":"","ast-breadcrumbs-content":"","ast-featured-img":"","footer-sml-layout":"","theme-transparent-header-meta":"default","adv-header-id-meta":"","stick-header-meta":"","header-above-stick-meta":"","header-main-stick-meta":"","header-below-stick-meta":"","astra-migrate-meta-layouts":"set","ast-page-background-enabled":"default","ast-page-background-meta":{"desktop":{"background-color":"var(--ast-global-color-5)","background-image":"","background-repeat":"repeat","background-position":"center center","background-size":"auto","background-attachment":"scroll","background-type":"","background-media":"","overlay-type":"","overlay-color":"","overlay-opacity":"","overlay-gradient":""},"tablet":{"background-color":"","background-image":"","background-repeat":"repeat","background-position":"center center","background-size":"auto","background-attachment":"scroll","background-type":"","background-media":"","overlay-type":"","overlay-color":"","overlay-opacity":"","overlay-gradient":""},"mobile":{"background-color":"","background-image":"","background-repeat":"repeat","background-position":"center center","background-size":"auto","background-attachment":"scroll","background-type":"","background-media":"","overlay-type":"","overlay-color":"","overlay-opacity":"","overlay-gradient":""}},"ast-content-background-meta":{"desktop":{"background-color":"var(--ast-global-color-4)","background-image":"","background-repeat":"repeat","background-position":"center center","background-size":"auto","background-attachment":"scroll","background-type":"","background-media":"","overlay-type":"","overlay-color":"","overlay-opacity":"","overlay-gradient":""},"tablet":{"background-color":"var(--ast-global-color-4)","background-image":"","background-repeat":"repeat","background-position":"center center","background-size":"auto","background-attachment":"scroll","background-type":"","background-media":"","overlay-type":"","overlay-color":"","overlay-opacity":"","overlay-gradient":""},"mobile":{"background-color":"var(--ast-global-color-4)","background-image":"","background-repeat":"repeat","background-position":"center center","background-size":"auto","background-attachment":"scroll","background-type":"","background-media":"","overlay-type":"","overlay-color":"","overlay-opacity":"","overlay-gradient":""}}},"product_brand":[],"product_cat":[27,26],"product_tag":[],"class_list":{"0":"post-81","1":"product","2":"type-product","3":"status-publish","4":"has-post-thumbnail","6":"product_cat-coches-gasolina-ocasion","7":"product_cat-volkswagen-seminuevos","8":"desktop-align-left","9":"tablet-align-left","10":"mobile-align-left","12":"first","13":"instock","14":"taxable","15":"shipping-taxable","16":"purchasable","17":"product-type-simple"},"yoast_head":"<!-- This site is optimized with the Yoast SEO plugin v27.2 - https:\/\/yoast.com\/product\/yoast-seo-wordpress\/ -->\n<title>Volkswagen Golf - Autom\u00f3viles C\u00e1ceres<\/title>\n<meta name=\"description\" content=\"Compra tu Volkswagen Golf seminuevo en C\u00e1ceres. El compacto de referencia, fiable, tecnol\u00f3gico y al mejor precio. \u00a1Ven a probarlo hoy mismo!\" \/>\n<meta name=\"robots\" content=\"index, follow, max-snippet:-1, max-image-preview:large, max-video-preview:-1\" \/>\n<link rel=\"canonical\" href=\"http:\/\/wp1.iesagora.es:60010\/automovilescaceres\/producto\/volkswagen-golf-seminuevo\/\" \/>\n<meta property=\"og:locale\" content=\"es_ES\" \/>\n<meta property=\"og:type\" content=\"article\" \/>\n<meta property=\"og:title\" content=\"Volkswagen Golf - Autom\u00f3viles C\u00e1ceres\" \/>\n<meta property=\"og:description\" content=\"Compra tu Volkswagen Golf seminuevo en C\u00e1ceres. El compacto de referencia, fiable, tecnol\u00f3gico y al mejor precio. \u00a1Ven a probarlo hoy mismo!\" \/>\n<meta property=\"og:url\" content=\"http:\/\/wp1.iesagora.es:60010\/automovilescaceres\/producto\/volkswagen-golf-seminuevo\/\" \/>\n<meta property=\"og:site_name\" content=\"Autom\u00f3viles C\u00e1ceres\" \/>\n<meta property=\"article:publisher\" content=\"https:\/\/www.facebook.com\/profile.php?id=100036275124996\" \/>\n<meta property=\"article:modified_time\" content=\"2026-03-22T16:42:18+00:00\" \/>\n<meta property=\"og:image\" content=\"http:\/\/wp1.iesagora.es:60010\/automovilescaceres\/wp-content\/uploads\/sites\/309\/2026\/03\/Volkswagen-Golf-min.webp\" \/>\n\t<meta property=\"og:image:width\" content=\"1200\" \/>\n\t<meta property=\"og:image:height\" content=\"630\" \/>\n\t<meta property=\"og:image:type\" content=\"image\/webp\" \/>\n<meta name=\"twitter:card\" content=\"summary_large_image\" \/>\n<meta name=\"twitter:label1\" content=\"Tiempo de lectura\" \/>\n\t<meta name=\"twitter:data1\" content=\"2 minutos\" \/>\n<script type=\"application\/ld+json\" class=\"yoast-schema-graph\">{\"@context\":\"https:\/\/schema.org\",\"@graph\":[{\"@type\":\"WebPage\",\"@id\":\"http:\/\/wp1.iesagora.es:60010\/automovilescaceres\/producto\/volkswagen-golf-seminuevo\/\",\"url\":\"http:\/\/wp1.iesagora.es:60010\/automovilescaceres\/producto\/volkswagen-golf-seminuevo\/\",\"name\":\"Volkswagen Golf - Autom\u00f3viles C\u00e1ceres\",\"isPartOf\":{\"@id\":\"http:\/\/wp1.iesagora.es:60010\/automovilescaceres\/#website\"},\"primaryImageOfPage\":{\"@id\":\"http:\/\/wp1.iesagora.es:60010\/automovilescaceres\/producto\/volkswagen-golf-seminuevo\/#primaryimage\"},\"image\":{\"@id\":\"http:\/\/wp1.iesagora.es:60010\/automovilescaceres\/producto\/volkswagen-golf-seminuevo\/#primaryimage\"},\"thumbnailUrl\":\"http:\/\/wp1.iesagora.es:60010\/automovilescaceres\/wp-content\/uploads\/sites\/309\/2026\/03\/Volkswagen-Golf-min.webp\",\"datePublished\":\"2026-03-12T15:49:10+00:00\",\"dateModified\":\"2026-03-22T16:42:18+00:00\",\"description\":\"Compra tu Volkswagen Golf seminuevo en C\u00e1ceres. El compacto de referencia, fiable, tecnol\u00f3gico y al mejor precio. \u00a1Ven a probarlo hoy mismo!\",\"breadcrumb\":{\"@id\":\"http:\/\/wp1.iesagora.es:60010\/automovilescaceres\/producto\/volkswagen-golf-seminuevo\/#breadcrumb\"},\"inLanguage\":\"es\",\"potentialAction\":[{\"@type\":\"ReadAction\",\"target\":[\"http:\/\/wp1.iesagora.es:60010\/automovilescaceres\/producto\/volkswagen-golf-seminuevo\/\"]}]},{\"@type\":\"ImageObject\",\"inLanguage\":\"es\",\"@id\":\"http:\/\/wp1.iesagora.es:60010\/automovilescaceres\/producto\/volkswagen-golf-seminuevo\/#primaryimage\",\"url\":\"http:\/\/wp1.iesagora.es:60010\/automovilescaceres\/wp-content\/uploads\/sites\/309\/2026\/03\/Volkswagen-Golf-min.webp\",\"contentUrl\":\"http:\/\/wp1.iesagora.es:60010\/automovilescaceres\/wp-content\/uploads\/sites\/309\/2026\/03\/Volkswagen-Golf-min.webp\",\"width\":1200,\"height\":630,\"caption\":\"Volkswagen-Golf-tienda\"},{\"@type\":\"BreadcrumbList\",\"@id\":\"http:\/\/wp1.iesagora.es:60010\/automovilescaceres\/producto\/volkswagen-golf-seminuevo\/#breadcrumb\",\"itemListElement\":[{\"@type\":\"ListItem\",\"position\":1,\"name\":\"Portada\",\"item\":\"http:\/\/wp1.iesagora.es:60010\/automovilescaceres\/\"},{\"@type\":\"ListItem\",\"position\":2,\"name\":\"COCHES EN VENTA\",\"item\":\"http:\/\/wp1.iesagora.es:60010\/automovilescaceres\/tienda\/\"},{\"@type\":\"ListItem\",\"position\":3,\"name\":\"Volkswagen Golf\"}]},{\"@type\":\"WebSite\",\"@id\":\"http:\/\/wp1.iesagora.es:60010\/automovilescaceres\/#website\",\"url\":\"http:\/\/wp1.iesagora.es:60010\/automovilescaceres\/\",\"name\":\"Autom\u00f3viles C\u00e1ceres\",\"description\":\"\",\"publisher\":{\"@id\":\"http:\/\/wp1.iesagora.es:60010\/automovilescaceres\/#organization\"},\"potentialAction\":[{\"@type\":\"SearchAction\",\"target\":{\"@type\":\"EntryPoint\",\"urlTemplate\":\"http:\/\/wp1.iesagora.es:60010\/automovilescaceres\/?s={search_term_string}\"},\"query-input\":{\"@type\":\"PropertyValueSpecification\",\"valueRequired\":true,\"valueName\":\"search_term_string\"}}],\"inLanguage\":\"es\"},{\"@type\":\"Organization\",\"@id\":\"http:\/\/wp1.iesagora.es:60010\/automovilescaceres\/#organization\",\"name\":\"Autom\u00f3viles C\u00e1ceres\",\"url\":\"http:\/\/wp1.iesagora.es:60010\/automovilescaceres\/\",\"logo\":{\"@type\":\"ImageObject\",\"inLanguage\":\"es\",\"@id\":\"http:\/\/wp1.iesagora.es:60010\/automovilescaceres\/#\/schema\/logo\/image\/\",\"url\":\"http:\/\/wp1.iesagora.es:60010\/automovilescaceres\/wp-content\/uploads\/sites\/309\/2026\/03\/logo-automoviles-caceres-1.png\",\"contentUrl\":\"http:\/\/wp1.iesagora.es:60010\/automovilescaceres\/wp-content\/uploads\/sites\/309\/2026\/03\/logo-automoviles-caceres-1.png\",\"width\":971,\"height\":218,\"caption\":\"Autom\u00f3viles C\u00e1ceres\"},\"image\":{\"@id\":\"http:\/\/wp1.iesagora.es:60010\/automovilescaceres\/#\/schema\/logo\/image\/\"},\"sameAs\":[\"https:\/\/www.facebook.com\/profile.php?id=100036275124996\"]}]}<\/script>\n<!-- \/ Yoast SEO plugin. -->","yoast_head_json":{"title":"Volkswagen Golf - Autom\u00f3viles C\u00e1ceres","description":"Compra tu Volkswagen Golf seminuevo en C\u00e1ceres. El compacto de referencia, fiable, tecnol\u00f3gico y al mejor precio. \u00a1Ven a probarlo hoy mismo!","robots":{"index":"index","follow":"follow","max-snippet":"max-snippet:-1","max-image-preview":"max-image-preview:large","max-video-preview":"max-video-preview:-1"},"canonical":"http:\/\/wp1.iesagora.es:60010\/automovilescaceres\/producto\/volkswagen-golf-seminuevo\/","og_locale":"es_ES","og_type":"article","og_title":"Volkswagen Golf - Autom\u00f3viles C\u00e1ceres","og_description":"Compra tu Volkswagen Golf seminuevo en C\u00e1ceres. El compacto de referencia, fiable, tecnol\u00f3gico y al mejor precio. \u00a1Ven a probarlo hoy mismo!","og_url":"http:\/\/wp1.iesagora.es:60010\/automovilescaceres\/producto\/volkswagen-golf-seminuevo\/","og_site_name":"Autom\u00f3viles C\u00e1ceres","article_publisher":"https:\/\/www.facebook.com\/profile.php?id=100036275124996","article_modified_time":"2026-03-22T16:42:18+00:00","og_image":[{"width":1200,"height":630,"url":"http:\/\/wp1.iesagora.es:60010\/automovilescaceres\/wp-content\/uploads\/sites\/309\/2026\/03\/Volkswagen-Golf-min.webp","type":"image\/webp"}],"twitter_card":"summary_large_image","twitter_misc":{"Tiempo de lectura":"2 minutos"},"schema":{"@context":"https:\/\/schema.org","@graph":[{"@type":"WebPage","@id":"http:\/\/wp1.iesagora.es:60010\/automovilescaceres\/producto\/volkswagen-golf-seminuevo\/","url":"http:\/\/wp1.iesagora.es:60010\/automovilescaceres\/producto\/volkswagen-golf-seminuevo\/","name":"Volkswagen Golf - Autom\u00f3viles C\u00e1ceres","isPartOf":{"@id":"http:\/\/wp1.iesagora.es:60010\/automovilescaceres\/#website"},"primaryImageOfPage":{"@id":"http:\/\/wp1.iesagora.es:60010\/automovilescaceres\/producto\/volkswagen-golf-seminuevo\/#primaryimage"},"image":{"@id":"http:\/\/wp1.iesagora.es:60010\/automovilescaceres\/producto\/volkswagen-golf-seminuevo\/#primaryimage"},"thumbnailUrl":"http:\/\/wp1.iesagora.es:60010\/automovilescaceres\/wp-content\/uploads\/sites\/309\/2026\/03\/Volkswagen-Golf-min.webp","datePublished":"2026-03-12T15:49:10+00:00","dateModified":"2026-03-22T16:42:18+00:00","description":"Compra tu Volkswagen Golf seminuevo en C\u00e1ceres. El compacto de referencia, fiable, tecnol\u00f3gico y al mejor precio. \u00a1Ven a probarlo hoy mismo!","breadcrumb":{"@id":"http:\/\/wp1.iesagora.es:60010\/automovilescaceres\/producto\/volkswagen-golf-seminuevo\/#breadcrumb"},"inLanguage":"es","potentialAction":[{"@type":"ReadAction","target":["http:\/\/wp1.iesagora.es:60010\/automovilescaceres\/producto\/volkswagen-golf-seminuevo\/"]}]},{"@type":"ImageObject","inLanguage":"es","@id":"http:\/\/wp1.iesagora.es:60010\/automovilescaceres\/producto\/volkswagen-golf-seminuevo\/#primaryimage","url":"http:\/\/wp1.iesagora.es:60010\/automovilescaceres\/wp-content\/uploads\/sites\/309\/2026\/03\/Volkswagen-Golf-min.webp","contentUrl":"http:\/\/wp1.iesagora.es:60010\/automovilescaceres\/wp-content\/uploads\/sites\/309\/2026\/03\/Volkswagen-Golf-min.webp","width":1200,"height":630,"caption":"Volkswagen-Golf-tienda"},{"@type":"BreadcrumbList","@id":"http:\/\/wp1.iesagora.es:60010\/automovilescaceres\/producto\/volkswagen-golf-seminuevo\/#breadcrumb","itemListElement":[{"@type":"ListItem","position":1,"name":"Portada","item":"http:\/\/wp1.iesagora.es:60010\/automovilescaceres\/"},{"@type":"ListItem","position":2,"name":"COCHES EN VENTA","item":"http:\/\/wp1.iesagora.es:60010\/automovilescaceres\/tienda\/"},{"@type":"ListItem","position":3,"name":"Volkswagen Golf"}]},{"@type":"WebSite","@id":"http:\/\/wp1.iesagora.es:60010\/automovilescaceres\/#website","url":"http:\/\/wp1.iesagora.es:60010\/automovilescaceres\/","name":"Autom\u00f3viles C\u00e1ceres","description":"","publisher":{"@id":"http:\/\/wp1.iesagora.es:60010\/automovilescaceres\/#organization"},"potentialAction":[{"@type":"SearchAction","target":{"@type":"EntryPoint","urlTemplate":"http:\/\/wp1.iesagora.es:60010\/automovilescaceres\/?s={search_term_string}"},"query-input":{"@type":"PropertyValueSpecification","valueRequired":true,"valueName":"search_term_string"}}],"inLanguage":"es"},{"@type":"Organization","@id":"http:\/\/wp1.iesagora.es:60010\/automovilescaceres\/#organization","name":"Autom\u00f3viles C\u00e1ceres","url":"http:\/\/wp1.iesagora.es:60010\/automovilescaceres\/","logo":{"@type":"ImageObject","inLanguage":"es","@id":"http:\/\/wp1.iesagora.es:60010\/automovilescaceres\/#\/schema\/logo\/image\/","url":"http:\/\/wp1.iesagora.es:60010\/automovilescaceres\/wp-content\/uploads\/sites\/309\/2026\/03\/logo-automoviles-caceres-1.png","contentUrl":"http:\/\/wp1.iesagora.es:60010\/automovilescaceres\/wp-content\/uploads\/sites\/309\/2026\/03\/logo-automoviles-caceres-1.png","width":971,"height":218,"caption":"Autom\u00f3viles C\u00e1ceres"},"image":{"@id":"http:\/\/wp1.iesagora.es:60010\/automovilescaceres\/#\/schema\/logo\/image\/"},"sameAs":["https:\/\/www.facebook.com\/profile.php?id=100036275124996"]}]}},"_links":{"self":[{"href":"http:\/\/wp1.iesagora.es:60010\/automovilescaceres\/wp-json\/wp\/v2\/product\/81","targetHints":{"allow":["GET"]}}],"collection":[{"href":"http:\/\/wp1.iesagora.es:60010\/automovilescaceres\/wp-json\/wp\/v2\/product"}],"about":[{"href":"http:\/\/wp1.iesagora.es:60010\/automovilescaceres\/wp-json\/wp\/v2\/types\/product"}],"replies":[{"embeddable":true,"href":"http:\/\/wp1.iesagora.es:60010\/automovilescaceres\/wp-json\/wp\/v2\/comments?post=81"}],"wp:featuredmedia":[{"embeddable":true,"href":"http:\/\/wp1.iesagora.es:60010\/automovilescaceres\/wp-json\/wp\/v2\/media\/242"}],"wp:attachment":[{"href":"http:\/\/wp1.iesagora.es:60010\/automovilescaceres\/wp-json\/wp\/v2\/media?parent=81"}],"wp:term":[{"taxonomy":"product_brand","embeddable":true,"href":"http:\/\/wp1.iesagora.es:60010\/automovilescaceres\/wp-json\/wp\/v2\/product_brand?post=81"},{"taxonomy":"product_cat","embeddable":true,"href":"http:\/\/wp1.iesagora.es:60010\/automovilescaceres\/wp-json\/wp\/v2\/product_cat?post=81"},{"taxonomy":"product_tag","embeddable":true,"href":"http:\/\/wp1.iesagora.es:60010\/automovilescaceres\/wp-json\/wp\/v2\/product_tag?post=81"}],"curies":[{"name":"wp","href":"https:\/\/api.w.org\/{rel}","templated":true}]}}